{"id":5385,"date":"2025-03-13T12:58:16","date_gmt":"2025-03-13T12:58:16","guid":{"rendered":"https:\/\/alberguecruceirodepedrouzo.com\/bedingungen-und-konditionen\/"},"modified":"2025-11-21T06:06:57","modified_gmt":"2025-11-21T06:06:57","slug":"bedingungen-und-konditionen","status":"publish","type":"page","link":"https:\/\/alberguecruceirodepedrouzo.com\/de\/bedingungen-und-konditionen\/","title":{"rendered":"Bedingungen und Konditionen"},"content":{"rendered":"<p>[et_pb_section fb_built=&#8220;1&#8243; _builder_version=&#8220;4.27.4&#8243; _module_preset=&#8220;default&#8220; global_colors_info=&#8220;{}&#8220;][et_pb_row _builder_version=&#8220;4.27.4&#8243; _module_preset=&#8220;default&#8220; global_colors_info=&#8220;{}&#8220;][et_pb_column type=&#8220;4_4&#8243; _builder_version=&#8220;4.27.4&#8243; _module_preset=&#8220;default&#8220; global_colors_info=&#8220;{}&#8220;][et_pb_text _builder_version=&#8220;4.27.4&#8243; _module_preset=&#8220;default&#8220; global_colors_info=&#8220;{}&#8220;]<\/p>\n<p>Bedingungen und Konditionen<br \/>www.alberguecruceirodepedrouzo.com<br \/>Die Herberge beh\u00e4lt sich das Recht auf Einlass vor.<\/p>\n<p>STORNIERUNG DER BUCHUNG<br \/>Sie k\u00f6nnen bis zu 15 Tage vor dem Anreisedatum kostenlos stornieren. Andernfalls wird die Buchung vollst\u00e4ndig von der Herberge bezahlt. <\/p>\n<p>DIE HERBERGE BEH\u00c4LT SICH DAS RECHT VOR, DIE BUCHUNG AUFGRUND H\u00d6HERER GEWALT ZU STORNIEREN. In diesem Fall wird die Albergue Cruceiro de Pedrouzo eine alternative Unterkunft f\u00fcr diese Buchungen anbieten. <\/p>\n<p>[\/et_pb_text][\/et_pb_column][\/et_pb_row][\/et_pb_section]<\/p>\n","protected":false},"excerpt":{"rendered":"<p>Bedingungen und Konditionenwww.alberguecruceirodepedrouzo.comDie Herberge beh\u00e4lt sich das Recht auf Einlass vor. STORNIERUNG DER BUCHUNGSie k\u00f6nnen bis zu 15 Tage vor dem Anreisedatum kostenlos stornieren. Andernfalls wird die Buchung vollst\u00e4ndig von der Herberge bezahlt. DIE HERBERGE BEH\u00c4LT SICH DAS RECHT VOR, DIE BUCHUNG AUFGRUND H\u00d6HERER GEWALT ZU STORNIEREN. In diesem Fall wird die Albergue Cruceiro de [&hellip;]<\/p>\n","protected":false},"author":1,"featured_media":3977,"parent":0,"menu_order":0,"comment_status":"closed","ping_status":"closed","template":"","meta":{"_et_pb_use_builder":"on","_et_pb_old_content":"","_et_gb_content_width":"","footnotes":""},"class_list":["post-5385","page","type-page","status-publish","has-post-thumbnail","hentry"],"yoast_head":"<!-- This site is optimized with the Yoast SEO plugin v27.1.1 - https:\/\/yoast.com\/product\/yoast-seo-wordpress\/ -->\n<title>Bedingungen und Konditionen - Albergue Cruceiro de Pedrouzo<\/title>\n<meta name=\"description\" content=\"Consulta los T\u00e9rminos y Condiciones del Albergue Cruceiro de Pedrouzo y conoce las normas de uso y condiciones del servicio.\" \/>\n<meta name=\"robots\" content=\"index, follow, max-snippet:-1, max-image-preview:large, max-video-preview:-1\" \/>\n<link rel=\"canonical\" href=\"https:\/\/alberguecruceirodepedrouzo.com\/de\/bedingungen-und-konditionen\/\" \/>\n<meta property=\"og:locale\" content=\"de_DE\" \/>\n<meta property=\"og:type\" content=\"article\" \/>\n<meta property=\"og:title\" content=\"Bedingungen und Konditionen - Albergue Cruceiro de Pedrouzo\" \/>\n<meta property=\"og:description\" content=\"Consulta los T\u00e9rminos y Condiciones del Albergue Cruceiro de Pedrouzo y conoce las normas de uso y condiciones del servicio.\" \/>\n<meta property=\"og:url\" content=\"https:\/\/alberguecruceirodepedrouzo.com\/de\/bedingungen-und-konditionen\/\" \/>\n<meta property=\"og:site_name\" content=\"Albergue Cruceiro de Pedrouzo\" \/>\n<meta property=\"article:modified_time\" content=\"2025-11-21T06:06:57+00:00\" \/>\n<meta property=\"og:image\" content=\"https:\/\/alberguecruceirodepedrouzo.com\/wp-content\/uploads\/2025\/04\/4021144.jpg\" \/>\n\t<meta property=\"og:image:width\" content=\"1111\" \/>\n\t<meta property=\"og:image:height\" content=\"833\" \/>\n\t<meta property=\"og:image:type\" content=\"image\/jpeg\" \/>\n<meta name=\"twitter:card\" content=\"summary_large_image\" \/>\n<meta name=\"twitter:label1\" content=\"Gesch\u00e4tzte Lesezeit\" \/>\n\t<meta name=\"twitter:data1\" content=\"1\u00a0Minute\" \/>\n<script type=\"application\/ld+json\" class=\"yoast-schema-graph\">{\"@context\":\"https:\/\/schema.org\",\"@graph\":[{\"@type\":\"WebPage\",\"@id\":\"https:\/\/alberguecruceirodepedrouzo.com\/de\/bedingungen-und-konditionen\/\",\"url\":\"https:\/\/alberguecruceirodepedrouzo.com\/de\/bedingungen-und-konditionen\/\",\"name\":\"Bedingungen und Konditionen - Albergue Cruceiro de Pedrouzo\",\"isPartOf\":{\"@id\":\"https:\/\/alberguecruceirodepedrouzo.com\/#website\"},\"primaryImageOfPage\":{\"@id\":\"https:\/\/alberguecruceirodepedrouzo.com\/de\/bedingungen-und-konditionen\/#primaryimage\"},\"image\":{\"@id\":\"https:\/\/alberguecruceirodepedrouzo.com\/de\/bedingungen-und-konditionen\/#primaryimage\"},\"thumbnailUrl\":\"https:\/\/alberguecruceirodepedrouzo.com\/wp-content\/uploads\/2025\/04\/4021144.jpg\",\"datePublished\":\"2025-03-13T12:58:16+00:00\",\"dateModified\":\"2025-11-21T06:06:57+00:00\",\"description\":\"Consulta los T\u00e9rminos y Condiciones del Albergue Cruceiro de Pedrouzo y conoce las normas de uso y condiciones del servicio.\",\"breadcrumb\":{\"@id\":\"https:\/\/alberguecruceirodepedrouzo.com\/de\/bedingungen-und-konditionen\/#breadcrumb\"},\"inLanguage\":\"de\",\"potentialAction\":[{\"@type\":\"ReadAction\",\"target\":[\"https:\/\/alberguecruceirodepedrouzo.com\/de\/bedingungen-und-konditionen\/\"]}]},{\"@type\":\"ImageObject\",\"inLanguage\":\"de\",\"@id\":\"https:\/\/alberguecruceirodepedrouzo.com\/de\/bedingungen-und-konditionen\/#primaryimage\",\"url\":\"https:\/\/alberguecruceirodepedrouzo.com\/wp-content\/uploads\/2025\/04\/4021144.jpg\",\"contentUrl\":\"https:\/\/alberguecruceirodepedrouzo.com\/wp-content\/uploads\/2025\/04\/4021144.jpg\",\"width\":1111,\"height\":833},{\"@type\":\"BreadcrumbList\",\"@id\":\"https:\/\/alberguecruceirodepedrouzo.com\/de\/bedingungen-und-konditionen\/#breadcrumb\",\"itemListElement\":[{\"@type\":\"ListItem\",\"position\":1,\"name\":\"Portada\",\"item\":\"https:\/\/alberguecruceirodepedrouzo.com\/de\/albergue-cruceiro-de-pedrouzo\/\"},{\"@type\":\"ListItem\",\"position\":2,\"name\":\"Bedingungen und Konditionen\"}]},{\"@type\":\"WebSite\",\"@id\":\"https:\/\/alberguecruceirodepedrouzo.com\/#website\",\"url\":\"https:\/\/alberguecruceirodepedrouzo.com\/\",\"name\":\"Albergue Cruceiro de Pedrouzo\",\"description\":\"Just another WordPress site\",\"potentialAction\":[{\"@type\":\"SearchAction\",\"target\":{\"@type\":\"EntryPoint\",\"urlTemplate\":\"https:\/\/alberguecruceirodepedrouzo.com\/?s={search_term_string}\"},\"query-input\":{\"@type\":\"PropertyValueSpecification\",\"valueRequired\":true,\"valueName\":\"search_term_string\"}}],\"inLanguage\":\"de\"}]}<\/script>\n<!-- \/ Yoast SEO plugin. -->","yoast_head_json":{"title":"Bedingungen und Konditionen - Albergue Cruceiro de Pedrouzo","description":"Consulta los T\u00e9rminos y Condiciones del Albergue Cruceiro de Pedrouzo y conoce las normas de uso y condiciones del servicio.","robots":{"index":"index","follow":"follow","max-snippet":"max-snippet:-1","max-image-preview":"max-image-preview:large","max-video-preview":"max-video-preview:-1"},"canonical":"https:\/\/alberguecruceirodepedrouzo.com\/de\/bedingungen-und-konditionen\/","og_locale":"de_DE","og_type":"article","og_title":"Bedingungen und Konditionen - Albergue Cruceiro de Pedrouzo","og_description":"Consulta los T\u00e9rminos y Condiciones del Albergue Cruceiro de Pedrouzo y conoce las normas de uso y condiciones del servicio.","og_url":"https:\/\/alberguecruceirodepedrouzo.com\/de\/bedingungen-und-konditionen\/","og_site_name":"Albergue Cruceiro de Pedrouzo","article_modified_time":"2025-11-21T06:06:57+00:00","og_image":[{"width":1111,"height":833,"url":"https:\/\/alberguecruceirodepedrouzo.com\/wp-content\/uploads\/2025\/04\/4021144.jpg","type":"image\/jpeg"}],"twitter_card":"summary_large_image","twitter_misc":{"Gesch\u00e4tzte Lesezeit":"1\u00a0Minute"},"schema":{"@context":"https:\/\/schema.org","@graph":[{"@type":"WebPage","@id":"https:\/\/alberguecruceirodepedrouzo.com\/de\/bedingungen-und-konditionen\/","url":"https:\/\/alberguecruceirodepedrouzo.com\/de\/bedingungen-und-konditionen\/","name":"Bedingungen und Konditionen - Albergue Cruceiro de Pedrouzo","isPartOf":{"@id":"https:\/\/alberguecruceirodepedrouzo.com\/#website"},"primaryImageOfPage":{"@id":"https:\/\/alberguecruceirodepedrouzo.com\/de\/bedingungen-und-konditionen\/#primaryimage"},"image":{"@id":"https:\/\/alberguecruceirodepedrouzo.com\/de\/bedingungen-und-konditionen\/#primaryimage"},"thumbnailUrl":"https:\/\/alberguecruceirodepedrouzo.com\/wp-content\/uploads\/2025\/04\/4021144.jpg","datePublished":"2025-03-13T12:58:16+00:00","dateModified":"2025-11-21T06:06:57+00:00","description":"Consulta los T\u00e9rminos y Condiciones del Albergue Cruceiro de Pedrouzo y conoce las normas de uso y condiciones del servicio.","breadcrumb":{"@id":"https:\/\/alberguecruceirodepedrouzo.com\/de\/bedingungen-und-konditionen\/#breadcrumb"},"inLanguage":"de","potentialAction":[{"@type":"ReadAction","target":["https:\/\/alberguecruceirodepedrouzo.com\/de\/bedingungen-und-konditionen\/"]}]},{"@type":"ImageObject","inLanguage":"de","@id":"https:\/\/alberguecruceirodepedrouzo.com\/de\/bedingungen-und-konditionen\/#primaryimage","url":"https:\/\/alberguecruceirodepedrouzo.com\/wp-content\/uploads\/2025\/04\/4021144.jpg","contentUrl":"https:\/\/alberguecruceirodepedrouzo.com\/wp-content\/uploads\/2025\/04\/4021144.jpg","width":1111,"height":833},{"@type":"BreadcrumbList","@id":"https:\/\/alberguecruceirodepedrouzo.com\/de\/bedingungen-und-konditionen\/#breadcrumb","itemListElement":[{"@type":"ListItem","position":1,"name":"Portada","item":"https:\/\/alberguecruceirodepedrouzo.com\/de\/albergue-cruceiro-de-pedrouzo\/"},{"@type":"ListItem","position":2,"name":"Bedingungen und Konditionen"}]},{"@type":"WebSite","@id":"https:\/\/alberguecruceirodepedrouzo.com\/#website","url":"https:\/\/alberguecruceirodepedrouzo.com\/","name":"Albergue Cruceiro de Pedrouzo","description":"Just another WordPress site","potentialAction":[{"@type":"SearchAction","target":{"@type":"EntryPoint","urlTemplate":"https:\/\/alberguecruceirodepedrouzo.com\/?s={search_term_string}"},"query-input":{"@type":"PropertyValueSpecification","valueRequired":true,"valueName":"search_term_string"}}],"inLanguage":"de"}]}},"_links":{"self":[{"href":"https:\/\/alberguecruceirodepedrouzo.com\/de\/wp-json\/wp\/v2\/pages\/5385","targetHints":{"allow":["GET"]}}],"collection":[{"href":"https:\/\/alberguecruceirodepedrouzo.com\/de\/wp-json\/wp\/v2\/pages"}],"about":[{"href":"https:\/\/alberguecruceirodepedrouzo.com\/de\/wp-json\/wp\/v2\/types\/page"}],"author":[{"embeddable":true,"href":"https:\/\/alberguecruceirodepedrouzo.com\/de\/wp-json\/wp\/v2\/users\/1"}],"replies":[{"embeddable":true,"href":"https:\/\/alberguecruceirodepedrouzo.com\/de\/wp-json\/wp\/v2\/comments?post=5385"}],"version-history":[{"count":1,"href":"https:\/\/alberguecruceirodepedrouzo.com\/de\/wp-json\/wp\/v2\/pages\/5385\/revisions"}],"predecessor-version":[{"id":5962,"href":"https:\/\/alberguecruceirodepedrouzo.com\/de\/wp-json\/wp\/v2\/pages\/5385\/revisions\/5962"}],"wp:featuredmedia":[{"embeddable":true,"href":"https:\/\/alberguecruceirodepedrouzo.com\/de\/wp-json\/wp\/v2\/media\/3977"}],"wp:attachment":[{"href":"https:\/\/alberguecruceirodepedrouzo.com\/de\/wp-json\/wp\/v2\/media?parent=5385"}],"curies":[{"name":"wp","href":"https:\/\/api.w.org\/{rel}","templated":true}]}}