{"id":3874,"date":"2025-03-13T12:32:22","date_gmt":"2025-03-13T12:32:22","guid":{"rendered":"https:\/\/alberguecruceirodepedrouzo.com\/location\/"},"modified":"2025-11-20T06:42:57","modified_gmt":"2025-11-20T06:42:57","slug":"location","status":"publish","type":"page","link":"https:\/\/alberguecruceirodepedrouzo.com\/en\/location\/","title":{"rendered":"Location"},"content":{"rendered":"<p>[et_pb_section fb_built=&#8221;1&#8243; admin_label=&#8221;Header &amp; Contact&#8221; _builder_version=&#8221;4.25.1&#8243; _module_preset=&#8221;default&#8221; locked=&#8221;off&#8221; collapsed=&#8221;on&#8221; global_colors_info=&#8221;{}&#8221;][et_pb_row column_structure=&#8221;1_2,1_2&#8243; _builder_version=&#8221;4.27.4&#8243; _module_preset=&#8221;default&#8221; locked=&#8221;off&#8221; global_colors_info=&#8221;{}&#8221;][et_pb_column type=&#8221;1_2&#8243; _builder_version=&#8221;4.27.4&#8243; _module_preset=&#8221;default&#8221; custom_padding=&#8221;30px|30px|30px|30px|true|true&#8221; custom_padding_tablet=&#8221;30px|30px|30px|30px|true|true&#8221; custom_padding_phone=&#8221;20px|20px|20px|20px|true|true&#8221; custom_padding_last_edited=&#8221;on|phone&#8221; border_width_all=&#8221;4px&#8221; border_color_all=&#8221;#4b8497&#8243; global_colors_info=&#8221;{%22gcid-2f5b30e8-0b99-49ac-8bde-95b2f7f6fb2c%22:%91%22border_color_all%22%93}&#8221;][et_pb_heading title=&#8221;Schedule&#8221; _builder_version=&#8221;4.27.4&#8243; _module_preset=&#8221;10bb59ac-318e-41fa-a811-149fea9771b1&#8243; custom_margin=&#8221;||10px||false|false&#8221; title_font_size_tablet=&#8221;22px&#8221; title_font_size_phone=&#8221;18px&#8221; locked=&#8221;off&#8221; global_colors_info=&#8221;{}&#8221;][\/et_pb_heading][et_pb_text _builder_version=&#8221;4.27.4&#8243; _module_preset=&#8221;fd94dc1f-7ec1-477a-a7cd-dc4d95cdd1d0&#8243; custom_margin=&#8221;||8px||false|false&#8221; text_font_size_tablet=&#8221;17px&#8221; global_colors_info=&#8221;{}&#8221;]<\/p>\n<p><strong>Hostel: Opening<\/strong>: 12:00h &#8211; <strong>Closing<\/strong>: 23:00h<\/p>\n<p><strong>Rooms<\/strong>: 24:00h (electronic key)<\/p>\n<p>[\/et_pb_text][\/et_pb_column][et_pb_column type=&#8221;1_2&#8243; _builder_version=&#8221;4.27.4&#8243; _module_preset=&#8221;default&#8221; custom_padding=&#8221;30px|30px|30px|30px|true|true&#8221; custom_padding_tablet=&#8221;30px|30px|30px|30px|true|true&#8221; custom_padding_phone=&#8221;20px|20px|20px|20px|true|true&#8221; custom_padding_last_edited=&#8221;on|phone&#8221; border_width_all=&#8221;4px&#8221; border_color_all=&#8221;#586575&#8243; global_colors_info=&#8221;{%22gcid-3f98729a-f325-4262-9065-9ac1c05e54f8%22:%91%22border_color_all%22%93}&#8221;][et_pb_heading title=&#8221;Address and GPS Coordinates&#8221; _builder_version=&#8221;4.27.4&#8243; _module_preset=&#8221;10bb59ac-318e-41fa-a811-149fea9771b1&#8243; custom_margin=&#8221;||10px||false|false&#8221; title_font_size_tablet=&#8221;22px&#8221; title_font_size_phone=&#8221;18px&#8221; locked=&#8221;off&#8221; global_colors_info=&#8221;{}&#8221;][\/et_pb_heading][et_pb_text _builder_version=&#8221;4.27.4&#8243; _module_preset=&#8221;fd94dc1f-7ec1-477a-a7cd-dc4d95cdd1d0&#8243; custom_margin=&#8221;||8px||false|false&#8221; text_font_size_tablet=&#8221;17px&#8221; global_colors_info=&#8221;{}&#8221;]<\/p>\n<p><strong>GPS coordinates:<\/strong> 42\u00b054\u201910.9\u2033N 8\u00b021\u201946.7\u2033W<\/p>\n<p><strong><span class=\"negrita\">Address:<span> <\/span><\/span><\/strong><span class=\"negrita\">Av. Igrexa, 7, 15821 O Pino, A Coru\u00f1a <\/span><\/p>\n<p>[\/et_pb_text][\/et_pb_column][\/et_pb_row][\/et_pb_section][et_pb_section fb_built=&#8221;1&#8243; _builder_version=&#8221;4.27.4&#8243; _module_preset=&#8221;default&#8221; global_colors_info=&#8221;{}&#8221;][et_pb_row _builder_version=&#8221;4.27.4&#8243; _module_preset=&#8221;default&#8221; width=&#8221;100%&#8221; max_width=&#8221;2000px&#8221; global_colors_info=&#8221;{}&#8221;][et_pb_column type=&#8221;4_4&#8243; _builder_version=&#8221;4.27.4&#8243; _module_preset=&#8221;default&#8221; global_colors_info=&#8221;{}&#8221;][et_pb_text _builder_version=&#8221;4.27.4&#8243; _module_preset=&#8221;default&#8221; global_colors_info=&#8221;{}&#8221;]<iframe src=\"https:\/\/www.google.com\/maps\/embed?pb=!1m18!1m12!1m3!1d2922.573896214424!2d-8.36532122339917!3d42.90293610063104!2m3!1f0!2f0!3f0!3m2!1i1024!2i768!4f13.1!3m3!1m2!1s0xd2e530609a0d819%3A0x1b8f67d15f3bde18!2sAlbergue%20Crucero!5e0!3m2!1ses!2ses!4v1743579649449!5m2!1ses!2ses\" width=\"2600\" height=\"450\" style=\"border:0;\" allowfullscreen=\"\" loading=\"lazy\" referrerpolicy=\"no-referrer-when-downgrade\"><\/iframe>[\/et_pb_text][\/et_pb_column][\/et_pb_row][\/et_pb_section]<\/p>\n","protected":false},"excerpt":{"rendered":"<p>Hostel: Opening: 12:00h &#8211; Closing: 23:00h Rooms: 24:00h (electronic key)GPS coordinates: 42\u00b054\u201910.9\u2033N 8\u00b021\u201946.7\u2033W Address: Av. Igrexa, 7, 15821 O Pino, A Coru\u00f1a<\/p>\n","protected":false},"author":1,"featured_media":5300,"parent":0,"menu_order":0,"comment_status":"closed","ping_status":"closed","template":"","meta":{"_et_pb_use_builder":"on","_et_pb_old_content":"","_et_gb_content_width":"","footnotes":""},"class_list":["post-3874","page","type-page","status-publish","has-post-thumbnail","hentry"],"yoast_head":"<!-- This site is optimized with the Yoast SEO plugin v27.5 - https:\/\/yoast.com\/product\/yoast-seo-wordpress\/ -->\n<title>Location - Albergue Cruceiro de Pedrouzo<\/title>\n<meta name=\"description\" content=\"Find the Cruceiro de Pedrouzo Hostel on the last stage of the Camino de Santiago. Location and coordinates.\" \/>\n<meta name=\"robots\" content=\"index, follow, max-snippet:-1, max-image-preview:large, max-video-preview:-1\" \/>\n<link rel=\"canonical\" href=\"https:\/\/alberguecruceirodepedrouzo.com\/en\/location\/\" \/>\n<meta property=\"og:locale\" content=\"en_US\" \/>\n<meta property=\"og:type\" content=\"article\" \/>\n<meta property=\"og:title\" content=\"Location - Albergue Cruceiro de Pedrouzo\" \/>\n<meta property=\"og:description\" content=\"Find the Cruceiro de Pedrouzo Hostel on the last stage of the Camino de Santiago. Location and coordinates.\" \/>\n<meta property=\"og:url\" content=\"https:\/\/alberguecruceirodepedrouzo.com\/en\/location\/\" \/>\n<meta property=\"og:site_name\" content=\"Albergue Cruceiro de Pedrouzo\" \/>\n<meta property=\"article:modified_time\" content=\"2025-11-20T06:42:57+00:00\" \/>\n<meta property=\"og:image\" content=\"https:\/\/alberguecruceirodepedrouzo.com\/wp-content\/uploads\/2025\/04\/4020947.jpg\" \/>\n\t<meta property=\"og:image:width\" content=\"1111\" \/>\n\t<meta property=\"og:image:height\" content=\"833\" \/>\n\t<meta property=\"og:image:type\" content=\"image\/jpeg\" \/>\n<meta name=\"twitter:card\" content=\"summary_large_image\" \/>\n<meta name=\"twitter:label1\" content=\"Est. reading time\" \/>\n\t<meta name=\"twitter:data1\" content=\"2 minutes\" \/>\n<script type=\"application\/ld+json\" class=\"yoast-schema-graph\">{\"@context\":\"https:\\\/\\\/schema.org\",\"@graph\":[{\"@type\":\"WebPage\",\"@id\":\"https:\\\/\\\/alberguecruceirodepedrouzo.com\\\/en\\\/location\\\/\",\"url\":\"https:\\\/\\\/alberguecruceirodepedrouzo.com\\\/en\\\/location\\\/\",\"name\":\"Location - Albergue Cruceiro de Pedrouzo\",\"isPartOf\":{\"@id\":\"https:\\\/\\\/alberguecruceirodepedrouzo.com\\\/#website\"},\"primaryImageOfPage\":{\"@id\":\"https:\\\/\\\/alberguecruceirodepedrouzo.com\\\/en\\\/location\\\/#primaryimage\"},\"image\":{\"@id\":\"https:\\\/\\\/alberguecruceirodepedrouzo.com\\\/en\\\/location\\\/#primaryimage\"},\"thumbnailUrl\":\"https:\\\/\\\/alberguecruceirodepedrouzo.com\\\/wp-content\\\/uploads\\\/2025\\\/04\\\/4020947.jpg\",\"datePublished\":\"2025-03-13T12:32:22+00:00\",\"dateModified\":\"2025-11-20T06:42:57+00:00\",\"description\":\"Find the Cruceiro de Pedrouzo Hostel on the last stage of the Camino de Santiago. Location and coordinates.\",\"breadcrumb\":{\"@id\":\"https:\\\/\\\/alberguecruceirodepedrouzo.com\\\/en\\\/location\\\/#breadcrumb\"},\"inLanguage\":\"en-US\",\"potentialAction\":[{\"@type\":\"ReadAction\",\"target\":[\"https:\\\/\\\/alberguecruceirodepedrouzo.com\\\/en\\\/location\\\/\"]}]},{\"@type\":\"ImageObject\",\"inLanguage\":\"en-US\",\"@id\":\"https:\\\/\\\/alberguecruceirodepedrouzo.com\\\/en\\\/location\\\/#primaryimage\",\"url\":\"https:\\\/\\\/alberguecruceirodepedrouzo.com\\\/wp-content\\\/uploads\\\/2025\\\/04\\\/4020947.jpg\",\"contentUrl\":\"https:\\\/\\\/alberguecruceirodepedrouzo.com\\\/wp-content\\\/uploads\\\/2025\\\/04\\\/4020947.jpg\",\"width\":1111,\"height\":833,\"caption\":\"Mostrador de recepci\u00f3n moderno con iluminaci\u00f3n frontal y el r\u00f3tulo de \u201cCruceiro de Pedrouzo\u201d, acompa\u00f1ado de un jarr\u00f3n con flores y un logotipo de figuras de colores en la pared.\"},{\"@type\":\"BreadcrumbList\",\"@id\":\"https:\\\/\\\/alberguecruceirodepedrouzo.com\\\/en\\\/location\\\/#breadcrumb\",\"itemListElement\":[{\"@type\":\"ListItem\",\"position\":1,\"name\":\"Portada\",\"item\":\"https:\\\/\\\/alberguecruceirodepedrouzo.com\\\/en\\\/albergue-cruceiro-de-pedrouzo\\\/\"},{\"@type\":\"ListItem\",\"position\":2,\"name\":\"Location\"}]},{\"@type\":\"WebSite\",\"@id\":\"https:\\\/\\\/alberguecruceirodepedrouzo.com\\\/#website\",\"url\":\"https:\\\/\\\/alberguecruceirodepedrouzo.com\\\/\",\"name\":\"Albergue Cruceiro de Pedrouzo\",\"description\":\"Just another WordPress site\",\"potentialAction\":[{\"@type\":\"SearchAction\",\"target\":{\"@type\":\"EntryPoint\",\"urlTemplate\":\"https:\\\/\\\/alberguecruceirodepedrouzo.com\\\/?s={search_term_string}\"},\"query-input\":{\"@type\":\"PropertyValueSpecification\",\"valueRequired\":true,\"valueName\":\"search_term_string\"}}],\"inLanguage\":\"en-US\"}]}<\/script>\n<!-- \/ Yoast SEO plugin. -->","yoast_head_json":{"title":"Location - Albergue Cruceiro de Pedrouzo","description":"Find the Cruceiro de Pedrouzo Hostel on the last stage of the Camino de Santiago. Location and coordinates.","robots":{"index":"index","follow":"follow","max-snippet":"max-snippet:-1","max-image-preview":"max-image-preview:large","max-video-preview":"max-video-preview:-1"},"canonical":"https:\/\/alberguecruceirodepedrouzo.com\/en\/location\/","og_locale":"en_US","og_type":"article","og_title":"Location - Albergue Cruceiro de Pedrouzo","og_description":"Find the Cruceiro de Pedrouzo Hostel on the last stage of the Camino de Santiago. Location and coordinates.","og_url":"https:\/\/alberguecruceirodepedrouzo.com\/en\/location\/","og_site_name":"Albergue Cruceiro de Pedrouzo","article_modified_time":"2025-11-20T06:42:57+00:00","og_image":[{"width":1111,"height":833,"url":"https:\/\/alberguecruceirodepedrouzo.com\/wp-content\/uploads\/2025\/04\/4020947.jpg","type":"image\/jpeg"}],"twitter_card":"summary_large_image","twitter_misc":{"Est. reading time":"2 minutes"},"schema":{"@context":"https:\/\/schema.org","@graph":[{"@type":"WebPage","@id":"https:\/\/alberguecruceirodepedrouzo.com\/en\/location\/","url":"https:\/\/alberguecruceirodepedrouzo.com\/en\/location\/","name":"Location - Albergue Cruceiro de Pedrouzo","isPartOf":{"@id":"https:\/\/alberguecruceirodepedrouzo.com\/#website"},"primaryImageOfPage":{"@id":"https:\/\/alberguecruceirodepedrouzo.com\/en\/location\/#primaryimage"},"image":{"@id":"https:\/\/alberguecruceirodepedrouzo.com\/en\/location\/#primaryimage"},"thumbnailUrl":"https:\/\/alberguecruceirodepedrouzo.com\/wp-content\/uploads\/2025\/04\/4020947.jpg","datePublished":"2025-03-13T12:32:22+00:00","dateModified":"2025-11-20T06:42:57+00:00","description":"Find the Cruceiro de Pedrouzo Hostel on the last stage of the Camino de Santiago. Location and coordinates.","breadcrumb":{"@id":"https:\/\/alberguecruceirodepedrouzo.com\/en\/location\/#breadcrumb"},"inLanguage":"en-US","potentialAction":[{"@type":"ReadAction","target":["https:\/\/alberguecruceirodepedrouzo.com\/en\/location\/"]}]},{"@type":"ImageObject","inLanguage":"en-US","@id":"https:\/\/alberguecruceirodepedrouzo.com\/en\/location\/#primaryimage","url":"https:\/\/alberguecruceirodepedrouzo.com\/wp-content\/uploads\/2025\/04\/4020947.jpg","contentUrl":"https:\/\/alberguecruceirodepedrouzo.com\/wp-content\/uploads\/2025\/04\/4020947.jpg","width":1111,"height":833,"caption":"Mostrador de recepci\u00f3n moderno con iluminaci\u00f3n frontal y el r\u00f3tulo de \u201cCruceiro de Pedrouzo\u201d, acompa\u00f1ado de un jarr\u00f3n con flores y un logotipo de figuras de colores en la pared."},{"@type":"BreadcrumbList","@id":"https:\/\/alberguecruceirodepedrouzo.com\/en\/location\/#breadcrumb","itemListElement":[{"@type":"ListItem","position":1,"name":"Portada","item":"https:\/\/alberguecruceirodepedrouzo.com\/en\/albergue-cruceiro-de-pedrouzo\/"},{"@type":"ListItem","position":2,"name":"Location"}]},{"@type":"WebSite","@id":"https:\/\/alberguecruceirodepedrouzo.com\/#website","url":"https:\/\/alberguecruceirodepedrouzo.com\/","name":"Albergue Cruceiro de Pedrouzo","description":"Just another WordPress site","potentialAction":[{"@type":"SearchAction","target":{"@type":"EntryPoint","urlTemplate":"https:\/\/alberguecruceirodepedrouzo.com\/?s={search_term_string}"},"query-input":{"@type":"PropertyValueSpecification","valueRequired":true,"valueName":"search_term_string"}}],"inLanguage":"en-US"}]}},"_links":{"self":[{"href":"https:\/\/alberguecruceirodepedrouzo.com\/en\/wp-json\/wp\/v2\/pages\/3874","targetHints":{"allow":["GET"]}}],"collection":[{"href":"https:\/\/alberguecruceirodepedrouzo.com\/en\/wp-json\/wp\/v2\/pages"}],"about":[{"href":"https:\/\/alberguecruceirodepedrouzo.com\/en\/wp-json\/wp\/v2\/types\/page"}],"author":[{"embeddable":true,"href":"https:\/\/alberguecruceirodepedrouzo.com\/en\/wp-json\/wp\/v2\/users\/1"}],"replies":[{"embeddable":true,"href":"https:\/\/alberguecruceirodepedrouzo.com\/en\/wp-json\/wp\/v2\/comments?post=3874"}],"version-history":[{"count":1,"href":"https:\/\/alberguecruceirodepedrouzo.com\/en\/wp-json\/wp\/v2\/pages\/3874\/revisions"}],"predecessor-version":[{"id":5917,"href":"https:\/\/alberguecruceirodepedrouzo.com\/en\/wp-json\/wp\/v2\/pages\/3874\/revisions\/5917"}],"wp:featuredmedia":[{"embeddable":true,"href":"https:\/\/alberguecruceirodepedrouzo.com\/en\/wp-json\/wp\/v2\/media\/5300"}],"wp:attachment":[{"href":"https:\/\/alberguecruceirodepedrouzo.com\/en\/wp-json\/wp\/v2\/media?parent=3874"}],"curies":[{"name":"wp","href":"https:\/\/api.w.org\/{rel}","templated":true}]}}