{"id":5370,"date":"2025-03-13T12:32:22","date_gmt":"2025-03-13T12:32:22","guid":{"rendered":"https:\/\/alberguecruceirodepedrouzo.com\/localisation\/"},"modified":"2025-11-21T06:03:49","modified_gmt":"2025-11-21T06:03:49","slug":"localisation","status":"publish","type":"page","link":"https:\/\/alberguecruceirodepedrouzo.com\/fr\/localisation\/","title":{"rendered":"Localisation"},"content":{"rendered":"<p>[et_pb_section fb_built=\u00a0\u00bb1&Prime; admin_label=\u00a0\u00bbHeader &amp; Contact\u00a0\u00bb _builder_version=\u00a0\u00bb4.25.1&Prime; _module_preset=\u00a0\u00bbdefault\u00a0\u00bb locked=\u00a0\u00bboff\u00a0\u00bb collapsed=\u00a0\u00bbon\u00a0\u00bb global_colors_info=\u00a0\u00bb{}\u00a0\u00bb][et_pb_row column_structure=\u00a0\u00bb1_2,1_2&Prime; _builder_version=\u00a0\u00bb4.27.4&Prime; _module_preset=\u00a0\u00bbdefault\u00a0\u00bb locked=\u00a0\u00bboff\u00a0\u00bb global_colors_info=\u00a0\u00bb{}\u00a0\u00bb][et_pb_column type=\u00a0\u00bb1_2&Prime; _builder_version=\u00a0\u00bb4.27.4&Prime; _module_preset=\u00a0\u00bbdefault\u00a0\u00bb custom_padding=\u00a0\u00bb30px|30px|30px|30px|true|true\u00a0\u00bb custom_padding_tablet=\u00a0\u00bb30px|30px|30px|30px|true|true\u00a0\u00bb custom_padding_phone=\u00a0\u00bb20px|20px|20px|20px|true|true\u00a0\u00bb custom_padding_last_edited=\u00a0\u00bbon|phone\u00a0\u00bb border_width_all=\u00a0\u00bb4px\u00a0\u00bb border_color_all=\u00a0\u00bb#4b8497&Prime; global_colors_info=\u00a0\u00bb{%22gcid-2f5b30e8-0b99-49ac-8bde-95b2f7f6fb2c%22:%91%22border_color_all%22%93}\u00a0\u00bb][et_pb_heading title=\u00a0\u00bbCalendrier\u00a0\u00bb _builder_version=\u00a0\u00bb4.27.4&Prime; _module_preset=\u00a0\u00bb10bb59ac-318e-41fa-a811-149fea9771b1&Prime; custom_margin=\u00a0\u00bb||10px||false|false\u00a0\u00bb title_font_size_tablet=\u00a0\u00bb22px\u00a0\u00bb title_font_size_phone=\u00a0\u00bb18px\u00a0\u00bb locked=\u00a0\u00bboff\u00a0\u00bb global_colors_info=\u00a0\u00bb{}\u00a0\u00bb][\/et_pb_heading][et_pb_text _builder_version=\u00a0\u00bb4.27.4&Prime; _module_preset=\u00a0\u00bbfd94dc1f-7ec1-477a-a7cd-dc4d95cdd1d0&Prime; custom_margin=\u00a0\u00bb||8px||false|false\u00a0\u00bb text_font_size_tablet=\u00a0\u00bb17px\u00a0\u00bb global_colors_info=\u00a0\u00bb{}\u00a0\u00bb]<\/p>\n<p><strong>Auberge : Ouverture:<\/strong> 12:00h &#8211; Fermeture<strong>:<\/strong> 23:00h<\/p>\n<p><strong>Chambres:<\/strong> 24:00h (cl\u00e9 \u00e9lectronique)<\/p>\n<p>[\/et_pb_text][\/et_pb_column][et_pb_column type=\u00a0\u00bb1_2&Prime; _builder_version=\u00a0\u00bb4.27.4&Prime; _module_preset=\u00a0\u00bbdefault\u00a0\u00bb custom_padding=\u00a0\u00bb30px|30px|30px|30px|true|true\u00a0\u00bb custom_padding_tablet=\u00a0\u00bb30px|30px|30px|30px|true|true\u00a0\u00bb custom_padding_phone=\u00a0\u00bb20px|20px|20px|20px|true|true\u00a0\u00bb custom_padding_last_edited=\u00a0\u00bbon|phone\u00a0\u00bb border_width_all=\u00a0\u00bb4px\u00a0\u00bb border_color_all=\u00a0\u00bb#586575&Prime; global_colors_info=\u00a0\u00bb{%22gcid-3f98729a-f325-4262-9065-9ac1c05e54f8%22:%91%22border_color_all%22%93}\u00a0\u00bb][et_pb_heading title=\u00a0\u00bbAdresse et coordonn\u00e9es GPS\u00a0\u00bb _builder_version=\u00a0\u00bb4.27.4&Prime; _module_preset=\u00a0\u00bb10bb59ac-318e-41fa-a811-149fea9771b1&Prime; custom_margin=\u00a0\u00bb||10px||false|false\u00a0\u00bb title_font_size_tablet=\u00a0\u00bb22px\u00a0\u00bb title_font_size_phone=\u00a0\u00bb18px\u00a0\u00bb locked=\u00a0\u00bboff\u00a0\u00bb global_colors_info=\u00a0\u00bb{}\u00a0\u00bb][\/et_pb_heading][et_pb_text _builder_version=\u00a0\u00bb4.27.4&Prime; _module_preset=\u00a0\u00bbfd94dc1f-7ec1-477a-a7cd-dc4d95cdd1d0&Prime; custom_margin=\u00a0\u00bb||8px||false|false\u00a0\u00bb text_font_size_tablet=\u00a0\u00bb17px\u00a0\u00bb global_colors_info=\u00a0\u00bb{}\u00a0\u00bb]<\/p>\n<p><strong>Coordonn\u00e9es GPS:<\/strong> 42\u00b054\u201910.9\u2033N 8\u00b021\u201946.7\u2033W<\/p>\n<p><strong><span class=\"negrita\">Adresse:<span> <\/span><\/span><\/strong><span class=\"negrita\">Av. Igrexa, 7, 15821 O Pino, A Coru\u00f1a <\/span><\/p>\n<p>[\/et_pb_text][\/et_pb_column][\/et_pb_row][\/et_pb_section][et_pb_section fb_built=\u00a0\u00bb1&Prime; _builder_version=\u00a0\u00bb4.27.4&Prime; _module_preset=\u00a0\u00bbdefault\u00a0\u00bb global_colors_info=\u00a0\u00bb{}\u00a0\u00bb][et_pb_row _builder_version=\u00a0\u00bb4.27.4&Prime; _module_preset=\u00a0\u00bbdefault\u00a0\u00bb width=\u00a0\u00bb100%\u00a0\u00bb max_width=\u00a0\u00bb2000px\u00a0\u00bb global_colors_info=\u00a0\u00bb{}\u00a0\u00bb][et_pb_column type=\u00a0\u00bb4_4&Prime; _builder_version=\u00a0\u00bb4.27.4&Prime; _module_preset=\u00a0\u00bbdefault\u00a0\u00bb global_colors_info=\u00a0\u00bb{}\u00a0\u00bb][et_pb_text _builder_version=\u00a0\u00bb4.27.4&Prime; _module_preset=\u00a0\u00bbdefault\u00a0\u00bb global_colors_info=\u00a0\u00bb{}\u00a0\u00bb]<iframe src=\"https:\/\/www.google.com\/maps\/embed?pb=!1m18!1m12!1m3!1d2922.573896214424!2d-8.36532122339917!3d42.90293610063104!2m3!1f0!2f0!3f0!3m2!1i1024!2i768!4f13.1!3m3!1m2!1s0xd2e530609a0d819%3A0x1b8f67d15f3bde18!2sAlbergue%20Crucero!5e0!3m2!1ses!2ses!4v1743579649449!5m2!1ses!2ses\" width=\"2600\" height=\"450\" style=\"border:0;\" allowfullscreen=\"\" loading=\"lazy\" referrerpolicy=\"no-referrer-when-downgrade\"><\/iframe>[\/et_pb_text][\/et_pb_column][\/et_pb_row][\/et_pb_section]<\/p>\n","protected":false},"excerpt":{"rendered":"<p>Auberge : Ouverture: 12:00h &#8211; Fermeture: 23:00h Chambres: 24:00h (cl\u00e9 \u00e9lectronique)Coordonn\u00e9es GPS: 42\u00b054\u201910.9\u2033N 8\u00b021\u201946.7\u2033W Adresse: Av. Igrexa, 7, 15821 O Pino, A Coru\u00f1a<\/p>\n","protected":false},"author":1,"featured_media":5301,"parent":0,"menu_order":0,"comment_status":"closed","ping_status":"closed","template":"","meta":{"_et_pb_use_builder":"on","_et_pb_old_content":"","_et_gb_content_width":"","footnotes":""},"class_list":["post-5370","page","type-page","status-publish","has-post-thumbnail","hentry"],"yoast_head":"<!-- This site is optimized with the Yoast SEO plugin v27.5 - https:\/\/yoast.com\/product\/yoast-seo-wordpress\/ -->\n<title>Localisation - Albergue Cruceiro de Pedrouzo<\/title>\n<meta name=\"description\" content=\"Trouvez l&#039;auberge Cruceiro de Pedrouzo sur la derni\u00e8re \u00e9tape du Chemin de Saint-Jacques-de-Compostelle. Adresse et coordonn\u00e9es.\" \/>\n<meta name=\"robots\" content=\"index, follow, max-snippet:-1, max-image-preview:large, max-video-preview:-1\" \/>\n<link rel=\"canonical\" href=\"https:\/\/alberguecruceirodepedrouzo.com\/fr\/localisation\/\" \/>\n<meta property=\"og:locale\" content=\"fr_FR\" \/>\n<meta property=\"og:type\" content=\"article\" \/>\n<meta property=\"og:title\" content=\"Localisation - Albergue Cruceiro de Pedrouzo\" \/>\n<meta property=\"og:description\" content=\"Trouvez l&#039;auberge Cruceiro de Pedrouzo sur la derni\u00e8re \u00e9tape du Chemin de Saint-Jacques-de-Compostelle. Adresse et coordonn\u00e9es.\" \/>\n<meta property=\"og:url\" content=\"https:\/\/alberguecruceirodepedrouzo.com\/fr\/localisation\/\" \/>\n<meta property=\"og:site_name\" content=\"Albergue Cruceiro de Pedrouzo\" \/>\n<meta property=\"article:modified_time\" content=\"2025-11-21T06:03:49+00:00\" \/>\n<meta property=\"og:image\" content=\"https:\/\/alberguecruceirodepedrouzo.com\/wp-content\/uploads\/2025\/04\/4020947.jpg\" \/>\n\t<meta property=\"og:image:width\" content=\"1111\" \/>\n\t<meta property=\"og:image:height\" content=\"833\" \/>\n\t<meta property=\"og:image:type\" content=\"image\/jpeg\" \/>\n<meta name=\"twitter:card\" content=\"summary_large_image\" \/>\n<meta name=\"twitter:label1\" content=\"Dur\u00e9e de lecture estim\u00e9e\" \/>\n\t<meta name=\"twitter:data1\" content=\"2 minutes\" \/>\n<script type=\"application\/ld+json\" class=\"yoast-schema-graph\">{\"@context\":\"https:\\\/\\\/schema.org\",\"@graph\":[{\"@type\":\"WebPage\",\"@id\":\"https:\\\/\\\/alberguecruceirodepedrouzo.com\\\/fr\\\/localisation\\\/\",\"url\":\"https:\\\/\\\/alberguecruceirodepedrouzo.com\\\/fr\\\/localisation\\\/\",\"name\":\"Localisation - Albergue Cruceiro de Pedrouzo\",\"isPartOf\":{\"@id\":\"https:\\\/\\\/alberguecruceirodepedrouzo.com\\\/#website\"},\"primaryImageOfPage\":{\"@id\":\"https:\\\/\\\/alberguecruceirodepedrouzo.com\\\/fr\\\/localisation\\\/#primaryimage\"},\"image\":{\"@id\":\"https:\\\/\\\/alberguecruceirodepedrouzo.com\\\/fr\\\/localisation\\\/#primaryimage\"},\"thumbnailUrl\":\"https:\\\/\\\/alberguecruceirodepedrouzo.com\\\/wp-content\\\/uploads\\\/2025\\\/04\\\/4020947.jpg\",\"datePublished\":\"2025-03-13T12:32:22+00:00\",\"dateModified\":\"2025-11-21T06:03:49+00:00\",\"description\":\"Trouvez l'auberge Cruceiro de Pedrouzo sur la derni\u00e8re \u00e9tape du Chemin de Saint-Jacques-de-Compostelle. Adresse et coordonn\u00e9es.\",\"breadcrumb\":{\"@id\":\"https:\\\/\\\/alberguecruceirodepedrouzo.com\\\/fr\\\/localisation\\\/#breadcrumb\"},\"inLanguage\":\"fr-FR\",\"potentialAction\":[{\"@type\":\"ReadAction\",\"target\":[\"https:\\\/\\\/alberguecruceirodepedrouzo.com\\\/fr\\\/localisation\\\/\"]}]},{\"@type\":\"ImageObject\",\"inLanguage\":\"fr-FR\",\"@id\":\"https:\\\/\\\/alberguecruceirodepedrouzo.com\\\/fr\\\/localisation\\\/#primaryimage\",\"url\":\"https:\\\/\\\/alberguecruceirodepedrouzo.com\\\/wp-content\\\/uploads\\\/2025\\\/04\\\/4020947.jpg\",\"contentUrl\":\"https:\\\/\\\/alberguecruceirodepedrouzo.com\\\/wp-content\\\/uploads\\\/2025\\\/04\\\/4020947.jpg\",\"width\":1111,\"height\":833,\"caption\":\"Mostrador de recepci\u00f3n moderno con iluminaci\u00f3n frontal y el r\u00f3tulo de \u201cCruceiro de Pedrouzo\u201d, acompa\u00f1ado de un jarr\u00f3n con flores y un logotipo de figuras de colores en la pared.\"},{\"@type\":\"BreadcrumbList\",\"@id\":\"https:\\\/\\\/alberguecruceirodepedrouzo.com\\\/fr\\\/localisation\\\/#breadcrumb\",\"itemListElement\":[{\"@type\":\"ListItem\",\"position\":1,\"name\":\"Portada\",\"item\":\"https:\\\/\\\/alberguecruceirodepedrouzo.com\\\/fr\\\/albergue-cruceiro-de-pedrouzo\\\/\"},{\"@type\":\"ListItem\",\"position\":2,\"name\":\"Localisation\"}]},{\"@type\":\"WebSite\",\"@id\":\"https:\\\/\\\/alberguecruceirodepedrouzo.com\\\/#website\",\"url\":\"https:\\\/\\\/alberguecruceirodepedrouzo.com\\\/\",\"name\":\"Albergue Cruceiro de Pedrouzo\",\"description\":\"Just another WordPress site\",\"potentialAction\":[{\"@type\":\"SearchAction\",\"target\":{\"@type\":\"EntryPoint\",\"urlTemplate\":\"https:\\\/\\\/alberguecruceirodepedrouzo.com\\\/?s={search_term_string}\"},\"query-input\":{\"@type\":\"PropertyValueSpecification\",\"valueRequired\":true,\"valueName\":\"search_term_string\"}}],\"inLanguage\":\"fr-FR\"}]}<\/script>\n<!-- \/ Yoast SEO plugin. -->","yoast_head_json":{"title":"Localisation - Albergue Cruceiro de Pedrouzo","description":"Trouvez l'auberge Cruceiro de Pedrouzo sur la derni\u00e8re \u00e9tape du Chemin de Saint-Jacques-de-Compostelle. Adresse et coordonn\u00e9es.","robots":{"index":"index","follow":"follow","max-snippet":"max-snippet:-1","max-image-preview":"max-image-preview:large","max-video-preview":"max-video-preview:-1"},"canonical":"https:\/\/alberguecruceirodepedrouzo.com\/fr\/localisation\/","og_locale":"fr_FR","og_type":"article","og_title":"Localisation - Albergue Cruceiro de Pedrouzo","og_description":"Trouvez l'auberge Cruceiro de Pedrouzo sur la derni\u00e8re \u00e9tape du Chemin de Saint-Jacques-de-Compostelle. Adresse et coordonn\u00e9es.","og_url":"https:\/\/alberguecruceirodepedrouzo.com\/fr\/localisation\/","og_site_name":"Albergue Cruceiro de Pedrouzo","article_modified_time":"2025-11-21T06:03:49+00:00","og_image":[{"width":1111,"height":833,"url":"https:\/\/alberguecruceirodepedrouzo.com\/wp-content\/uploads\/2025\/04\/4020947.jpg","type":"image\/jpeg"}],"twitter_card":"summary_large_image","twitter_misc":{"Dur\u00e9e de lecture estim\u00e9e":"2 minutes"},"schema":{"@context":"https:\/\/schema.org","@graph":[{"@type":"WebPage","@id":"https:\/\/alberguecruceirodepedrouzo.com\/fr\/localisation\/","url":"https:\/\/alberguecruceirodepedrouzo.com\/fr\/localisation\/","name":"Localisation - Albergue Cruceiro de Pedrouzo","isPartOf":{"@id":"https:\/\/alberguecruceirodepedrouzo.com\/#website"},"primaryImageOfPage":{"@id":"https:\/\/alberguecruceirodepedrouzo.com\/fr\/localisation\/#primaryimage"},"image":{"@id":"https:\/\/alberguecruceirodepedrouzo.com\/fr\/localisation\/#primaryimage"},"thumbnailUrl":"https:\/\/alberguecruceirodepedrouzo.com\/wp-content\/uploads\/2025\/04\/4020947.jpg","datePublished":"2025-03-13T12:32:22+00:00","dateModified":"2025-11-21T06:03:49+00:00","description":"Trouvez l'auberge Cruceiro de Pedrouzo sur la derni\u00e8re \u00e9tape du Chemin de Saint-Jacques-de-Compostelle. Adresse et coordonn\u00e9es.","breadcrumb":{"@id":"https:\/\/alberguecruceirodepedrouzo.com\/fr\/localisation\/#breadcrumb"},"inLanguage":"fr-FR","potentialAction":[{"@type":"ReadAction","target":["https:\/\/alberguecruceirodepedrouzo.com\/fr\/localisation\/"]}]},{"@type":"ImageObject","inLanguage":"fr-FR","@id":"https:\/\/alberguecruceirodepedrouzo.com\/fr\/localisation\/#primaryimage","url":"https:\/\/alberguecruceirodepedrouzo.com\/wp-content\/uploads\/2025\/04\/4020947.jpg","contentUrl":"https:\/\/alberguecruceirodepedrouzo.com\/wp-content\/uploads\/2025\/04\/4020947.jpg","width":1111,"height":833,"caption":"Mostrador de recepci\u00f3n moderno con iluminaci\u00f3n frontal y el r\u00f3tulo de \u201cCruceiro de Pedrouzo\u201d, acompa\u00f1ado de un jarr\u00f3n con flores y un logotipo de figuras de colores en la pared."},{"@type":"BreadcrumbList","@id":"https:\/\/alberguecruceirodepedrouzo.com\/fr\/localisation\/#breadcrumb","itemListElement":[{"@type":"ListItem","position":1,"name":"Portada","item":"https:\/\/alberguecruceirodepedrouzo.com\/fr\/albergue-cruceiro-de-pedrouzo\/"},{"@type":"ListItem","position":2,"name":"Localisation"}]},{"@type":"WebSite","@id":"https:\/\/alberguecruceirodepedrouzo.com\/#website","url":"https:\/\/alberguecruceirodepedrouzo.com\/","name":"Albergue Cruceiro de Pedrouzo","description":"Just another WordPress site","potentialAction":[{"@type":"SearchAction","target":{"@type":"EntryPoint","urlTemplate":"https:\/\/alberguecruceirodepedrouzo.com\/?s={search_term_string}"},"query-input":{"@type":"PropertyValueSpecification","valueRequired":true,"valueName":"search_term_string"}}],"inLanguage":"fr-FR"}]}},"_links":{"self":[{"href":"https:\/\/alberguecruceirodepedrouzo.com\/fr\/wp-json\/wp\/v2\/pages\/5370","targetHints":{"allow":["GET"]}}],"collection":[{"href":"https:\/\/alberguecruceirodepedrouzo.com\/fr\/wp-json\/wp\/v2\/pages"}],"about":[{"href":"https:\/\/alberguecruceirodepedrouzo.com\/fr\/wp-json\/wp\/v2\/types\/page"}],"author":[{"embeddable":true,"href":"https:\/\/alberguecruceirodepedrouzo.com\/fr\/wp-json\/wp\/v2\/users\/1"}],"replies":[{"embeddable":true,"href":"https:\/\/alberguecruceirodepedrouzo.com\/fr\/wp-json\/wp\/v2\/comments?post=5370"}],"version-history":[{"count":1,"href":"https:\/\/alberguecruceirodepedrouzo.com\/fr\/wp-json\/wp\/v2\/pages\/5370\/revisions"}],"predecessor-version":[{"id":5960,"href":"https:\/\/alberguecruceirodepedrouzo.com\/fr\/wp-json\/wp\/v2\/pages\/5370\/revisions\/5960"}],"wp:featuredmedia":[{"embeddable":true,"href":"https:\/\/alberguecruceirodepedrouzo.com\/fr\/wp-json\/wp\/v2\/media\/5301"}],"wp:attachment":[{"href":"https:\/\/alberguecruceirodepedrouzo.com\/fr\/wp-json\/wp\/v2\/media?parent=5370"}],"curies":[{"name":"wp","href":"https:\/\/api.w.org\/{rel}","templated":true}]}}