{"id":5371,"date":"2025-03-13T12:58:16","date_gmt":"2025-03-13T12:58:16","guid":{"rendered":"https:\/\/alberguecruceirodepedrouzo.com\/conditions-generales-dutilisation\/"},"modified":"2025-11-21T06:03:16","modified_gmt":"2025-11-21T06:03:16","slug":"conditions-generales-dutilisation","status":"publish","type":"page","link":"https:\/\/alberguecruceirodepedrouzo.com\/fr\/conditions-generales-dutilisation\/","title":{"rendered":"Conditions g\u00e9n\u00e9rales d&rsquo;utilisation"},"content":{"rendered":"<p>[et_pb_section fb_built=\u00a0\u00bb1&Prime; _builder_version=\u00a0\u00bb4.27.4&Prime; _module_preset=\u00a0\u00bbdefault\u00a0\u00bb global_colors_info=\u00a0\u00bb{}\u00a0\u00bb][et_pb_row _builder_version=\u00a0\u00bb4.27.4&Prime; _module_preset=\u00a0\u00bbdefault\u00a0\u00bb global_colors_info=\u00a0\u00bb{}\u00a0\u00bb][et_pb_column type=\u00a0\u00bb4_4&Prime; _builder_version=\u00a0\u00bb4.27.4&Prime; _module_preset=\u00a0\u00bbdefault\u00a0\u00bb global_colors_info=\u00a0\u00bb{}\u00a0\u00bb][et_pb_text _builder_version=\u00a0\u00bb4.27.4&Prime; _module_preset=\u00a0\u00bbdefault\u00a0\u00bb global_colors_info=\u00a0\u00bb{}\u00a0\u00bb]<\/p>\n<p>Conditions g\u00e9n\u00e9rales d&rsquo;utilisation<br \/>www.alberguecruceirodepedrouzo.com<br \/>L&rsquo;auberge se r\u00e9serve le droit d&rsquo;admission.<\/p>\n<p>ANNULATION DE LA R\u00c9SERVATION<br \/>Vous pouvez annuler gratuitement votre r\u00e9servation jusqu&rsquo;\u00e0 15 jours avant la date d&rsquo;arriv\u00e9e. Dans le cas contraire, la r\u00e9servation sera enti\u00e8rement pay\u00e9e par l&rsquo;auberge. <\/p>\n<p>L&rsquo;AUBERGE SE R\u00c9SERVE LE DROIT D&rsquo;ANNULER LA R\u00c9SERVATION POUR CAUSE DE FORCE MAJEURE. Dans ce cas, Albergue Cruceiro de Pedrouzo fournira un h\u00e9bergement alternatif pour ces r\u00e9servations. <\/p>\n<p>[\/et_pb_text][\/et_pb_column][\/et_pb_row][\/et_pb_section]<\/p>\n","protected":false},"excerpt":{"rendered":"<p>Conditions g\u00e9n\u00e9rales d&rsquo;utilisationwww.alberguecruceirodepedrouzo.comL&rsquo;auberge se r\u00e9serve le droit d&rsquo;admission. ANNULATION DE LA R\u00c9SERVATIONVous pouvez annuler gratuitement votre r\u00e9servation jusqu&rsquo;\u00e0 15 jours avant la date d&rsquo;arriv\u00e9e. Dans le cas contraire, la r\u00e9servation sera enti\u00e8rement pay\u00e9e par l&rsquo;auberge. L&rsquo;AUBERGE SE R\u00c9SERVE LE DROIT D&rsquo;ANNULER LA R\u00c9SERVATION POUR CAUSE DE FORCE MAJEURE. Dans ce cas, Albergue Cruceiro de Pedrouzo [&hellip;]<\/p>\n","protected":false},"author":1,"featured_media":3976,"parent":0,"menu_order":0,"comment_status":"closed","ping_status":"closed","template":"","meta":{"_et_pb_use_builder":"on","_et_pb_old_content":"","_et_gb_content_width":"","footnotes":""},"class_list":["post-5371","page","type-page","status-publish","has-post-thumbnail","hentry"],"yoast_head":"<!-- This site is optimized with the Yoast SEO plugin v27.1.1 - https:\/\/yoast.com\/product\/yoast-seo-wordpress\/ -->\n<title>Conditions g\u00e9n\u00e9rales d&#039;utilisation - Albergue Cruceiro de Pedrouzo<\/title>\n<meta name=\"description\" content=\"Veuillez consulter les conditions g\u00e9n\u00e9rales de l&#039;auberge Cruceiro de Pedrouzo et prendre connaissance des r\u00e8gles d&#039;utilisation et des conditions de service.\" \/>\n<meta name=\"robots\" content=\"index, follow, max-snippet:-1, max-image-preview:large, max-video-preview:-1\" \/>\n<link rel=\"canonical\" href=\"https:\/\/alberguecruceirodepedrouzo.com\/fr\/conditions-generales-dutilisation\/\" \/>\n<meta property=\"og:locale\" content=\"fr_FR\" \/>\n<meta property=\"og:type\" content=\"article\" \/>\n<meta property=\"og:title\" content=\"Conditions g\u00e9n\u00e9rales d&#039;utilisation - Albergue Cruceiro de Pedrouzo\" \/>\n<meta property=\"og:description\" content=\"Veuillez consulter les conditions g\u00e9n\u00e9rales de l&#039;auberge Cruceiro de Pedrouzo et prendre connaissance des r\u00e8gles d&#039;utilisation et des conditions de service.\" \/>\n<meta property=\"og:url\" content=\"https:\/\/alberguecruceirodepedrouzo.com\/fr\/conditions-generales-dutilisation\/\" \/>\n<meta property=\"og:site_name\" content=\"Albergue Cruceiro de Pedrouzo\" \/>\n<meta property=\"article:modified_time\" content=\"2025-11-21T06:03:16+00:00\" \/>\n<meta property=\"og:image\" content=\"https:\/\/alberguecruceirodepedrouzo.com\/wp-content\/uploads\/2025\/04\/4021144.jpg\" \/>\n\t<meta property=\"og:image:width\" content=\"1111\" \/>\n\t<meta property=\"og:image:height\" content=\"833\" \/>\n\t<meta property=\"og:image:type\" content=\"image\/jpeg\" \/>\n<meta name=\"twitter:card\" content=\"summary_large_image\" \/>\n<meta name=\"twitter:label1\" content=\"Dur\u00e9e de lecture estim\u00e9e\" \/>\n\t<meta name=\"twitter:data1\" content=\"1 minute\" \/>\n<script type=\"application\/ld+json\" class=\"yoast-schema-graph\">{\"@context\":\"https:\/\/schema.org\",\"@graph\":[{\"@type\":\"WebPage\",\"@id\":\"https:\/\/alberguecruceirodepedrouzo.com\/fr\/conditions-generales-dutilisation\/\",\"url\":\"https:\/\/alberguecruceirodepedrouzo.com\/fr\/conditions-generales-dutilisation\/\",\"name\":\"Conditions g\u00e9n\u00e9rales d'utilisation - Albergue Cruceiro de Pedrouzo\",\"isPartOf\":{\"@id\":\"https:\/\/alberguecruceirodepedrouzo.com\/#website\"},\"primaryImageOfPage\":{\"@id\":\"https:\/\/alberguecruceirodepedrouzo.com\/fr\/conditions-generales-dutilisation\/#primaryimage\"},\"image\":{\"@id\":\"https:\/\/alberguecruceirodepedrouzo.com\/fr\/conditions-generales-dutilisation\/#primaryimage\"},\"thumbnailUrl\":\"https:\/\/alberguecruceirodepedrouzo.com\/wp-content\/uploads\/2025\/04\/4021144.jpg\",\"datePublished\":\"2025-03-13T12:58:16+00:00\",\"dateModified\":\"2025-11-21T06:03:16+00:00\",\"description\":\"Veuillez consulter les conditions g\u00e9n\u00e9rales de l'auberge Cruceiro de Pedrouzo et prendre connaissance des r\u00e8gles d'utilisation et des conditions de service.\",\"breadcrumb\":{\"@id\":\"https:\/\/alberguecruceirodepedrouzo.com\/fr\/conditions-generales-dutilisation\/#breadcrumb\"},\"inLanguage\":\"fr-FR\",\"potentialAction\":[{\"@type\":\"ReadAction\",\"target\":[\"https:\/\/alberguecruceirodepedrouzo.com\/fr\/conditions-generales-dutilisation\/\"]}]},{\"@type\":\"ImageObject\",\"inLanguage\":\"fr-FR\",\"@id\":\"https:\/\/alberguecruceirodepedrouzo.com\/fr\/conditions-generales-dutilisation\/#primaryimage\",\"url\":\"https:\/\/alberguecruceirodepedrouzo.com\/wp-content\/uploads\/2025\/04\/4021144.jpg\",\"contentUrl\":\"https:\/\/alberguecruceirodepedrouzo.com\/wp-content\/uploads\/2025\/04\/4021144.jpg\",\"width\":1111,\"height\":833},{\"@type\":\"BreadcrumbList\",\"@id\":\"https:\/\/alberguecruceirodepedrouzo.com\/fr\/conditions-generales-dutilisation\/#breadcrumb\",\"itemListElement\":[{\"@type\":\"ListItem\",\"position\":1,\"name\":\"Portada\",\"item\":\"https:\/\/alberguecruceirodepedrouzo.com\/fr\/albergue-cruceiro-de-pedrouzo\/\"},{\"@type\":\"ListItem\",\"position\":2,\"name\":\"Conditions g\u00e9n\u00e9rales d&#8217;utilisation\"}]},{\"@type\":\"WebSite\",\"@id\":\"https:\/\/alberguecruceirodepedrouzo.com\/#website\",\"url\":\"https:\/\/alberguecruceirodepedrouzo.com\/\",\"name\":\"Albergue Cruceiro de Pedrouzo\",\"description\":\"Just another WordPress site\",\"potentialAction\":[{\"@type\":\"SearchAction\",\"target\":{\"@type\":\"EntryPoint\",\"urlTemplate\":\"https:\/\/alberguecruceirodepedrouzo.com\/?s={search_term_string}\"},\"query-input\":{\"@type\":\"PropertyValueSpecification\",\"valueRequired\":true,\"valueName\":\"search_term_string\"}}],\"inLanguage\":\"fr-FR\"}]}<\/script>\n<!-- \/ Yoast SEO plugin. -->","yoast_head_json":{"title":"Conditions g\u00e9n\u00e9rales d'utilisation - Albergue Cruceiro de Pedrouzo","description":"Veuillez consulter les conditions g\u00e9n\u00e9rales de l'auberge Cruceiro de Pedrouzo et prendre connaissance des r\u00e8gles d'utilisation et des conditions de service.","robots":{"index":"index","follow":"follow","max-snippet":"max-snippet:-1","max-image-preview":"max-image-preview:large","max-video-preview":"max-video-preview:-1"},"canonical":"https:\/\/alberguecruceirodepedrouzo.com\/fr\/conditions-generales-dutilisation\/","og_locale":"fr_FR","og_type":"article","og_title":"Conditions g\u00e9n\u00e9rales d'utilisation - Albergue Cruceiro de Pedrouzo","og_description":"Veuillez consulter les conditions g\u00e9n\u00e9rales de l'auberge Cruceiro de Pedrouzo et prendre connaissance des r\u00e8gles d'utilisation et des conditions de service.","og_url":"https:\/\/alberguecruceirodepedrouzo.com\/fr\/conditions-generales-dutilisation\/","og_site_name":"Albergue Cruceiro de Pedrouzo","article_modified_time":"2025-11-21T06:03:16+00:00","og_image":[{"width":1111,"height":833,"url":"https:\/\/alberguecruceirodepedrouzo.com\/wp-content\/uploads\/2025\/04\/4021144.jpg","type":"image\/jpeg"}],"twitter_card":"summary_large_image","twitter_misc":{"Dur\u00e9e de lecture estim\u00e9e":"1 minute"},"schema":{"@context":"https:\/\/schema.org","@graph":[{"@type":"WebPage","@id":"https:\/\/alberguecruceirodepedrouzo.com\/fr\/conditions-generales-dutilisation\/","url":"https:\/\/alberguecruceirodepedrouzo.com\/fr\/conditions-generales-dutilisation\/","name":"Conditions g\u00e9n\u00e9rales d'utilisation - Albergue Cruceiro de Pedrouzo","isPartOf":{"@id":"https:\/\/alberguecruceirodepedrouzo.com\/#website"},"primaryImageOfPage":{"@id":"https:\/\/alberguecruceirodepedrouzo.com\/fr\/conditions-generales-dutilisation\/#primaryimage"},"image":{"@id":"https:\/\/alberguecruceirodepedrouzo.com\/fr\/conditions-generales-dutilisation\/#primaryimage"},"thumbnailUrl":"https:\/\/alberguecruceirodepedrouzo.com\/wp-content\/uploads\/2025\/04\/4021144.jpg","datePublished":"2025-03-13T12:58:16+00:00","dateModified":"2025-11-21T06:03:16+00:00","description":"Veuillez consulter les conditions g\u00e9n\u00e9rales de l'auberge Cruceiro de Pedrouzo et prendre connaissance des r\u00e8gles d'utilisation et des conditions de service.","breadcrumb":{"@id":"https:\/\/alberguecruceirodepedrouzo.com\/fr\/conditions-generales-dutilisation\/#breadcrumb"},"inLanguage":"fr-FR","potentialAction":[{"@type":"ReadAction","target":["https:\/\/alberguecruceirodepedrouzo.com\/fr\/conditions-generales-dutilisation\/"]}]},{"@type":"ImageObject","inLanguage":"fr-FR","@id":"https:\/\/alberguecruceirodepedrouzo.com\/fr\/conditions-generales-dutilisation\/#primaryimage","url":"https:\/\/alberguecruceirodepedrouzo.com\/wp-content\/uploads\/2025\/04\/4021144.jpg","contentUrl":"https:\/\/alberguecruceirodepedrouzo.com\/wp-content\/uploads\/2025\/04\/4021144.jpg","width":1111,"height":833},{"@type":"BreadcrumbList","@id":"https:\/\/alberguecruceirodepedrouzo.com\/fr\/conditions-generales-dutilisation\/#breadcrumb","itemListElement":[{"@type":"ListItem","position":1,"name":"Portada","item":"https:\/\/alberguecruceirodepedrouzo.com\/fr\/albergue-cruceiro-de-pedrouzo\/"},{"@type":"ListItem","position":2,"name":"Conditions g\u00e9n\u00e9rales d&#8217;utilisation"}]},{"@type":"WebSite","@id":"https:\/\/alberguecruceirodepedrouzo.com\/#website","url":"https:\/\/alberguecruceirodepedrouzo.com\/","name":"Albergue Cruceiro de Pedrouzo","description":"Just another WordPress site","potentialAction":[{"@type":"SearchAction","target":{"@type":"EntryPoint","urlTemplate":"https:\/\/alberguecruceirodepedrouzo.com\/?s={search_term_string}"},"query-input":{"@type":"PropertyValueSpecification","valueRequired":true,"valueName":"search_term_string"}}],"inLanguage":"fr-FR"}]}},"_links":{"self":[{"href":"https:\/\/alberguecruceirodepedrouzo.com\/fr\/wp-json\/wp\/v2\/pages\/5371","targetHints":{"allow":["GET"]}}],"collection":[{"href":"https:\/\/alberguecruceirodepedrouzo.com\/fr\/wp-json\/wp\/v2\/pages"}],"about":[{"href":"https:\/\/alberguecruceirodepedrouzo.com\/fr\/wp-json\/wp\/v2\/types\/page"}],"author":[{"embeddable":true,"href":"https:\/\/alberguecruceirodepedrouzo.com\/fr\/wp-json\/wp\/v2\/users\/1"}],"replies":[{"embeddable":true,"href":"https:\/\/alberguecruceirodepedrouzo.com\/fr\/wp-json\/wp\/v2\/comments?post=5371"}],"version-history":[{"count":1,"href":"https:\/\/alberguecruceirodepedrouzo.com\/fr\/wp-json\/wp\/v2\/pages\/5371\/revisions"}],"predecessor-version":[{"id":5959,"href":"https:\/\/alberguecruceirodepedrouzo.com\/fr\/wp-json\/wp\/v2\/pages\/5371\/revisions\/5959"}],"wp:featuredmedia":[{"embeddable":true,"href":"https:\/\/alberguecruceirodepedrouzo.com\/fr\/wp-json\/wp\/v2\/media\/3976"}],"wp:attachment":[{"href":"https:\/\/alberguecruceirodepedrouzo.com\/fr\/wp-json\/wp\/v2\/media?parent=5371"}],"curies":[{"name":"wp","href":"https:\/\/api.w.org\/{rel}","templated":true}]}}