{"id":5407,"date":"2025-03-13T12:41:11","date_gmt":"2025-03-13T12:41:11","guid":{"rendered":"https:\/\/alberguecruceirodepedrouzo.com\/reservar\/"},"modified":"2025-11-21T06:08:44","modified_gmt":"2025-11-21T06:08:44","slug":"reservar","status":"publish","type":"page","link":"https:\/\/alberguecruceirodepedrouzo.com\/it\/reservar\/","title":{"rendered":"Reservar"},"content":{"rendered":"<p>[et_pb_section fb_built=&#8221;1&#8243; _builder_version=&#8221;4.27.4&#8243; _module_preset=&#8221;default&#8221; background_enable_pattern_style=&#8221;on&#8221; background_pattern_style=&#8221;tufted&#8221; background_pattern_color=&#8221;rgba(0,0,0,0.07)&#8221; custom_padding=&#8221;11px|||||&#8221; locked=&#8221;off&#8221; global_colors_info=&#8221;{}&#8221;][et_pb_row _builder_version=&#8221;4.24.0&#8243; _module_preset=&#8221;default&#8221; global_colors_info=&#8221;{}&#8221;][et_pb_column type=&#8221;4_4&#8243; _builder_version=&#8221;4.24.0&#8243; _module_preset=&#8221;default&#8221; global_colors_info=&#8221;{}&#8221;][et_pb_text _builder_version=&#8221;4.27.4&#8243; _module_preset=&#8221;default&#8221; text_font=&#8221;|600|||||||&#8221; text_font_size=&#8221;16px&#8221; link_text_color=&#8221;#bf8500&#8243; text_orientation=&#8221;center&#8221; global_colors_info=&#8221;{}&#8221;]<\/p>\n<p>Per l&#8217;Albergue (letti a castello) chiamare il tel. <a href=\"tel:+34981511371\">+34 981 51 13 71<\/a> per le camere prenotare online utilizzando il motore di ricerca qui sotto.<\/p>\n<p>[\/et_pb_text][et_pb_text _builder_version=&#8221;4.27.4&#8243; _module_preset=&#8221;default&#8221; background_color=&#8221;rgba(0,0,0,0.08)&#8221; custom_padding=&#8221;10px|25px|15px|25px|false|false&#8221; border_width_all=&#8221;1px&#8221; border_color_all=&#8221;rgba(0,0,0,0.23)&#8221; global_colors_info=&#8221;{}&#8221;]<\/p>\n\n<p>[\/et_pb_text][\/et_pb_column][\/et_pb_row][et_pb_row _builder_version=&#8221;4.27.4&#8243; _module_preset=&#8221;default&#8221; background_enable_color=&#8221;off&#8221; custom_padding=&#8221;15px|||||&#8221; global_colors_info=&#8221;{}&#8221;][et_pb_column type=&#8221;4_4&#8243; _builder_version=&#8221;4.24.0&#8243; _module_preset=&#8221;default&#8221; global_colors_info=&#8221;{}&#8221;][et_pb_text _builder_version=&#8221;4.27.4&#8243; _module_preset=&#8221;default&#8221; text_font=&#8221;Poppins||||||||&#8221; text_font_size=&#8221;17px&#8221; text_orientation=&#8221;center&#8221; global_colors_info=&#8221;{}&#8221;]<\/p>\n<p>Promozione di apertura: prenotazione di una sala privata e accesso alla nostra Area Relax<\/p>\n<p>[\/et_pb_text][\/et_pb_column][\/et_pb_row][\/et_pb_section][et_pb_section fb_built=&#8221;1&#8243; admin_label=&#8221;Header&#8221; _builder_version=&#8221;4.25.1&#8243; _module_preset=&#8221;default&#8221; background_color=&#8221;gcid-8544a4e2-27b8-420a-83de-1cee04f2fb29&#8243; collapsed=&#8221;on&#8221; global_colors_info=&#8221;{%22gcid-8544a4e2-27b8-420a-83de-1cee04f2fb29%22:%91%22background_color%22%93}&#8221;][et_pb_row column_structure=&#8221;2_3,1_3&#8243; _builder_version=&#8221;4.25.1&#8243; _module_preset=&#8221;default&#8221; global_colors_info=&#8221;{}&#8221;][et_pb_column type=&#8221;2_3&#8243; _builder_version=&#8221;4.25.1&#8243; _module_preset=&#8221;default&#8221; global_colors_info=&#8221;{}&#8221;][et_pb_image src=&#8221;https:\/\/alberguecruceirodepedrouzo.com\/wp-content\/uploads\/2025\/04\/4020947.jpg&#8221; alt=&#8221;Camere Contatore&#8221; title_text=&#8221;Mostrador Habitaciones&#8221; _builder_version=&#8221;4.27.4&#8243; _module_preset=&#8221;default&#8221; global_colors_info=&#8221;{}&#8221;][\/et_pb_image][et_pb_divider show_divider=&#8221;off&#8221; _builder_version=&#8221;4.25.1&#8243; _module_preset=&#8221;default&#8221; background_color=&#8221;gcid-bcc99e3b-722a-4dba-85e5-49c6d1592562&#8243; positioning=&#8221;absolute&#8221; width=&#8221;90px&#8221; width_tablet=&#8221;90px&#8221; width_phone=&#8221;60px&#8221; width_last_edited=&#8221;on|desktop&#8221; height=&#8221;90px&#8221; height_tablet=&#8221;90px&#8221; height_phone=&#8221;60px&#8221; height_last_edited=&#8221;on|desktop&#8221; border_radii=&#8221;on|500px|500px|500px|500px&#8221; global_colors_info=&#8221;{%22gcid-bcc99e3b-722a-4dba-85e5-49c6d1592562%22:%91%22background_color%22,%22background_color%22,%22background_color%22%93}&#8221;][\/et_pb_divider][\/et_pb_column][et_pb_column type=&#8221;1_3&#8243; _builder_version=&#8221;4.25.1&#8243; _module_preset=&#8221;default&#8221; global_colors_info=&#8221;{}&#8221;][et_pb_divider color=&#8221;rgba(0,0,0,0.14)&#8221; divider_position=&#8221;center&#8221; divider_weight=&#8221;2px&#8221; _builder_version=&#8221;4.25.1&#8243; _module_preset=&#8221;default&#8221; custom_margin=&#8221;||10px||false|false&#8221; locked=&#8221;off&#8221; global_colors_info=&#8221;{}&#8221;][\/et_pb_divider][et_pb_heading title=&#8221;Albergue Cruceiro de Pedrouzo&#8221; _builder_version=&#8221;4.27.4&#8243; _module_preset=&#8221;bbf2c81a-3769-46e7-93c8-9476b75b861e&#8221; title_text_color=&#8221;gcid-fa3e187d-20a7-4c5a-962d-49a38117a4cc&#8221; global_colors_info=&#8221;{%22gcid-fa3e187d-20a7-4c5a-962d-49a38117a4cc%22:%91%22title_text_color%22%93}&#8221;][\/et_pb_heading][et_pb_text _builder_version=&#8221;4.27.4&#8243; _module_preset=&#8221;1df3519a-c65e-4334-b078-821e8842234a&#8221; custom_margin=&#8221;||0px||false|false&#8221; global_colors_info=&#8221;{}&#8221;]<\/p>\n<p>&#8211; Ostello<\/p>\n<p>[\/et_pb_text][et_pb_text _builder_version=&#8221;4.27.4&#8243; _module_preset=&#8221;1df3519a-c65e-4334-b078-821e8842234a&#8221; custom_margin=&#8221;||0px||false|false&#8221; global_colors_info=&#8221;{}&#8221;]<\/p>\n<p>&#8211; Camere<\/p>\n<p>[\/et_pb_text][et_pb_text _builder_version=&#8221;4.27.4&#8243; _module_preset=&#8221;1df3519a-c65e-4334-b078-821e8842234a&#8221; custom_margin=&#8221;||0px||false|false&#8221; global_colors_info=&#8221;{}&#8221;]<\/p>\n<p>&#8211; Spa<\/p>\n<p>[\/et_pb_text][et_pb_button button_url=&#8221;@ET-DC@eyJkeW5hbWljIjp0cnVlLCJjb250ZW50IjoicG9zdF9saW5rX3VybF9wYWdlIiwic2V0dGluZ3MiOnsicG9zdF9pZCI6IjIwMSIsImVuYWJsZV9odG1sIjoib2ZmIn19@&#8221; button_text=&#8221;Cont\u00e1ctanos&#8221; _builder_version=&#8221;4.27.4&#8243; _dynamic_attributes=&#8221;button_url&#8221; _module_preset=&#8221;4aabb02d-d3e6-42fd-a9e0-10464a659565&#8243; custom_margin=&#8221;30px||||false|false&#8221; global_colors_info=&#8221;{}&#8221;][\/et_pb_button][et_pb_button button_url=&#8221;tel:+34981511371&#8243; button_text=&#8221;Tel. +34 981 51 13 71&#8243; _builder_version=&#8221;4.27.4&#8243; _module_preset=&#8221;b24c2c17-e9cd-42ec-9ef8-717dc962b5fe&#8221; global_colors_info=&#8221;{}&#8221;][\/et_pb_button][\/et_pb_column][\/et_pb_row][et_pb_row _builder_version=&#8221;4.25.1&#8243; _module_preset=&#8221;default&#8221; locked=&#8221;off&#8221; global_colors_info=&#8221;{}&#8221;][et_pb_column type=&#8221;4_4&#8243; _builder_version=&#8221;4.25.1&#8243; _module_preset=&#8221;default&#8221; global_colors_info=&#8221;{}&#8221;][et_pb_heading title=&#8221;Ostello a Pedrouzo&#8221; _builder_version=&#8221;4.27.4&#8243; _module_preset=&#8221;a3d258d5-b9c0-4d02-8f3c-6d8cfbc28611&#8243; title_level=&#8221;h2&#8243; title_font_size=&#8221;93px&#8221; custom_padding=&#8221;20px||||false|false&#8221; border_width_top=&#8221;2px&#8221; locked=&#8221;off&#8221; global_colors_info=&#8221;{}&#8221;][\/et_pb_heading][\/et_pb_column][\/et_pb_row][\/et_pb_section]<\/p>\n","protected":false},"excerpt":{"rendered":"<p>Per l&#8217;Albergue (letti a castello) chiamare il tel. +34 981 51 13 71 per le camere prenotare online utilizzando il motore di ricerca qui sotto.Promozione di apertura: prenotazione di una sala privata e accesso alla nostra Area Relax- Ostello- Camere- Spa<\/p>\n","protected":false},"author":1,"featured_media":5338,"parent":0,"menu_order":0,"comment_status":"closed","ping_status":"closed","template":"","meta":{"_et_pb_use_builder":"on","_et_pb_old_content":"","_et_gb_content_width":"","footnotes":""},"class_list":["post-5407","page","type-page","status-publish","has-post-thumbnail","hentry"],"yoast_head":"<!-- This site is optimized with the Yoast SEO plugin v27.1.1 - https:\/\/yoast.com\/product\/yoast-seo-wordpress\/ -->\n<title>Reservar - Albergue Cruceiro de Pedrouzo<\/title>\n<meta name=\"description\" content=\"Consulta le informazioni sulle camere e sulle opzioni di alloggio presso l&#039;Albergue Cruceiro de Pedrouzo per il tuo soggiorno.\" \/>\n<meta name=\"robots\" content=\"index, follow, max-snippet:-1, max-image-preview:large, max-video-preview:-1\" \/>\n<link rel=\"canonical\" href=\"https:\/\/alberguecruceirodepedrouzo.com\/it\/reservar\/\" \/>\n<meta property=\"og:locale\" content=\"it_IT\" \/>\n<meta property=\"og:type\" content=\"article\" \/>\n<meta property=\"og:title\" content=\"Reservar - Albergue Cruceiro de Pedrouzo\" \/>\n<meta property=\"og:description\" content=\"Consulta le informazioni sulle camere e sulle opzioni di alloggio presso l&#039;Albergue Cruceiro de Pedrouzo per il tuo soggiorno.\" \/>\n<meta property=\"og:url\" content=\"https:\/\/alberguecruceirodepedrouzo.com\/it\/reservar\/\" \/>\n<meta property=\"og:site_name\" content=\"Albergue Cruceiro de Pedrouzo\" \/>\n<meta property=\"article:modified_time\" content=\"2025-11-21T06:08:44+00:00\" \/>\n<meta property=\"og:image\" content=\"https:\/\/alberguecruceirodepedrouzo.com\/wp-content\/uploads\/2025\/04\/4021030.jpg\" \/>\n\t<meta property=\"og:image:width\" content=\"1111\" \/>\n\t<meta property=\"og:image:height\" content=\"833\" \/>\n\t<meta property=\"og:image:type\" content=\"image\/jpeg\" \/>\n<meta name=\"twitter:card\" content=\"summary_large_image\" \/>\n<meta name=\"twitter:label1\" content=\"Tempo di lettura stimato\" \/>\n\t<meta name=\"twitter:data1\" content=\"4 minuti\" \/>\n<script type=\"application\/ld+json\" class=\"yoast-schema-graph\">{\"@context\":\"https:\/\/schema.org\",\"@graph\":[{\"@type\":\"WebPage\",\"@id\":\"https:\/\/alberguecruceirodepedrouzo.com\/it\/reservar\/\",\"url\":\"https:\/\/alberguecruceirodepedrouzo.com\/it\/reservar\/\",\"name\":\"Reservar - Albergue Cruceiro de Pedrouzo\",\"isPartOf\":{\"@id\":\"https:\/\/alberguecruceirodepedrouzo.com\/#website\"},\"primaryImageOfPage\":{\"@id\":\"https:\/\/alberguecruceirodepedrouzo.com\/it\/reservar\/#primaryimage\"},\"image\":{\"@id\":\"https:\/\/alberguecruceirodepedrouzo.com\/it\/reservar\/#primaryimage\"},\"thumbnailUrl\":\"https:\/\/alberguecruceirodepedrouzo.com\/wp-content\/uploads\/2025\/04\/4021030.jpg\",\"datePublished\":\"2025-03-13T12:41:11+00:00\",\"dateModified\":\"2025-11-21T06:08:44+00:00\",\"description\":\"Consulta le informazioni sulle camere e sulle opzioni di alloggio presso l'Albergue Cruceiro de Pedrouzo per il tuo soggiorno.\",\"breadcrumb\":{\"@id\":\"https:\/\/alberguecruceirodepedrouzo.com\/it\/reservar\/#breadcrumb\"},\"inLanguage\":\"it-IT\",\"potentialAction\":[{\"@type\":\"ReadAction\",\"target\":[\"https:\/\/alberguecruceirodepedrouzo.com\/it\/reservar\/\"]}]},{\"@type\":\"ImageObject\",\"inLanguage\":\"it-IT\",\"@id\":\"https:\/\/alberguecruceirodepedrouzo.com\/it\/reservar\/#primaryimage\",\"url\":\"https:\/\/alberguecruceirodepedrouzo.com\/wp-content\/uploads\/2025\/04\/4021030.jpg\",\"contentUrl\":\"https:\/\/alberguecruceirodepedrouzo.com\/wp-content\/uploads\/2025\/04\/4021030.jpg\",\"width\":1111,\"height\":833,\"caption\":\"Habitaci\u00f3n doble luminosa con ba\u00f1o privado, dos camas individuales y decoraci\u00f3n moderna\"},{\"@type\":\"BreadcrumbList\",\"@id\":\"https:\/\/alberguecruceirodepedrouzo.com\/it\/reservar\/#breadcrumb\",\"itemListElement\":[{\"@type\":\"ListItem\",\"position\":1,\"name\":\"Portada\",\"item\":\"https:\/\/alberguecruceirodepedrouzo.com\/it\/albergue-cruceiro-de-pedrouzo\/\"},{\"@type\":\"ListItem\",\"position\":2,\"name\":\"Reservar\"}]},{\"@type\":\"WebSite\",\"@id\":\"https:\/\/alberguecruceirodepedrouzo.com\/#website\",\"url\":\"https:\/\/alberguecruceirodepedrouzo.com\/\",\"name\":\"Albergue Cruceiro de Pedrouzo\",\"description\":\"Just another WordPress site\",\"potentialAction\":[{\"@type\":\"SearchAction\",\"target\":{\"@type\":\"EntryPoint\",\"urlTemplate\":\"https:\/\/alberguecruceirodepedrouzo.com\/?s={search_term_string}\"},\"query-input\":{\"@type\":\"PropertyValueSpecification\",\"valueRequired\":true,\"valueName\":\"search_term_string\"}}],\"inLanguage\":\"it-IT\"}]}<\/script>\n<!-- \/ Yoast SEO plugin. -->","yoast_head_json":{"title":"Reservar - Albergue Cruceiro de Pedrouzo","description":"Consulta le informazioni sulle camere e sulle opzioni di alloggio presso l'Albergue Cruceiro de Pedrouzo per il tuo soggiorno.","robots":{"index":"index","follow":"follow","max-snippet":"max-snippet:-1","max-image-preview":"max-image-preview:large","max-video-preview":"max-video-preview:-1"},"canonical":"https:\/\/alberguecruceirodepedrouzo.com\/it\/reservar\/","og_locale":"it_IT","og_type":"article","og_title":"Reservar - Albergue Cruceiro de Pedrouzo","og_description":"Consulta le informazioni sulle camere e sulle opzioni di alloggio presso l'Albergue Cruceiro de Pedrouzo per il tuo soggiorno.","og_url":"https:\/\/alberguecruceirodepedrouzo.com\/it\/reservar\/","og_site_name":"Albergue Cruceiro de Pedrouzo","article_modified_time":"2025-11-21T06:08:44+00:00","og_image":[{"width":1111,"height":833,"url":"https:\/\/alberguecruceirodepedrouzo.com\/wp-content\/uploads\/2025\/04\/4021030.jpg","type":"image\/jpeg"}],"twitter_card":"summary_large_image","twitter_misc":{"Tempo di lettura stimato":"4 minuti"},"schema":{"@context":"https:\/\/schema.org","@graph":[{"@type":"WebPage","@id":"https:\/\/alberguecruceirodepedrouzo.com\/it\/reservar\/","url":"https:\/\/alberguecruceirodepedrouzo.com\/it\/reservar\/","name":"Reservar - Albergue Cruceiro de Pedrouzo","isPartOf":{"@id":"https:\/\/alberguecruceirodepedrouzo.com\/#website"},"primaryImageOfPage":{"@id":"https:\/\/alberguecruceirodepedrouzo.com\/it\/reservar\/#primaryimage"},"image":{"@id":"https:\/\/alberguecruceirodepedrouzo.com\/it\/reservar\/#primaryimage"},"thumbnailUrl":"https:\/\/alberguecruceirodepedrouzo.com\/wp-content\/uploads\/2025\/04\/4021030.jpg","datePublished":"2025-03-13T12:41:11+00:00","dateModified":"2025-11-21T06:08:44+00:00","description":"Consulta le informazioni sulle camere e sulle opzioni di alloggio presso l'Albergue Cruceiro de Pedrouzo per il tuo soggiorno.","breadcrumb":{"@id":"https:\/\/alberguecruceirodepedrouzo.com\/it\/reservar\/#breadcrumb"},"inLanguage":"it-IT","potentialAction":[{"@type":"ReadAction","target":["https:\/\/alberguecruceirodepedrouzo.com\/it\/reservar\/"]}]},{"@type":"ImageObject","inLanguage":"it-IT","@id":"https:\/\/alberguecruceirodepedrouzo.com\/it\/reservar\/#primaryimage","url":"https:\/\/alberguecruceirodepedrouzo.com\/wp-content\/uploads\/2025\/04\/4021030.jpg","contentUrl":"https:\/\/alberguecruceirodepedrouzo.com\/wp-content\/uploads\/2025\/04\/4021030.jpg","width":1111,"height":833,"caption":"Habitaci\u00f3n doble luminosa con ba\u00f1o privado, dos camas individuales y decoraci\u00f3n moderna"},{"@type":"BreadcrumbList","@id":"https:\/\/alberguecruceirodepedrouzo.com\/it\/reservar\/#breadcrumb","itemListElement":[{"@type":"ListItem","position":1,"name":"Portada","item":"https:\/\/alberguecruceirodepedrouzo.com\/it\/albergue-cruceiro-de-pedrouzo\/"},{"@type":"ListItem","position":2,"name":"Reservar"}]},{"@type":"WebSite","@id":"https:\/\/alberguecruceirodepedrouzo.com\/#website","url":"https:\/\/alberguecruceirodepedrouzo.com\/","name":"Albergue Cruceiro de Pedrouzo","description":"Just another WordPress site","potentialAction":[{"@type":"SearchAction","target":{"@type":"EntryPoint","urlTemplate":"https:\/\/alberguecruceirodepedrouzo.com\/?s={search_term_string}"},"query-input":{"@type":"PropertyValueSpecification","valueRequired":true,"valueName":"search_term_string"}}],"inLanguage":"it-IT"}]}},"_links":{"self":[{"href":"https:\/\/alberguecruceirodepedrouzo.com\/it\/wp-json\/wp\/v2\/pages\/5407","targetHints":{"allow":["GET"]}}],"collection":[{"href":"https:\/\/alberguecruceirodepedrouzo.com\/it\/wp-json\/wp\/v2\/pages"}],"about":[{"href":"https:\/\/alberguecruceirodepedrouzo.com\/it\/wp-json\/wp\/v2\/types\/page"}],"author":[{"embeddable":true,"href":"https:\/\/alberguecruceirodepedrouzo.com\/it\/wp-json\/wp\/v2\/users\/1"}],"replies":[{"embeddable":true,"href":"https:\/\/alberguecruceirodepedrouzo.com\/it\/wp-json\/wp\/v2\/comments?post=5407"}],"version-history":[{"count":2,"href":"https:\/\/alberguecruceirodepedrouzo.com\/it\/wp-json\/wp\/v2\/pages\/5407\/revisions"}],"predecessor-version":[{"id":5966,"href":"https:\/\/alberguecruceirodepedrouzo.com\/it\/wp-json\/wp\/v2\/pages\/5407\/revisions\/5966"}],"wp:featuredmedia":[{"embeddable":true,"href":"https:\/\/alberguecruceirodepedrouzo.com\/it\/wp-json\/wp\/v2\/media\/5338"}],"wp:attachment":[{"href":"https:\/\/alberguecruceirodepedrouzo.com\/it\/wp-json\/wp\/v2\/media?parent=5407"}],"curies":[{"name":"wp","href":"https:\/\/api.w.org\/{rel}","templated":true}]}}