{"id":5461,"date":"2025-03-13T12:58:16","date_gmt":"2025-03-13T12:58:16","guid":{"rendered":"https:\/\/alberguecruceirodepedrouzo.com\/termos-e-condicoes\/"},"modified":"2025-11-21T06:11:50","modified_gmt":"2025-11-21T06:11:50","slug":"termos-e-condicoes","status":"publish","type":"page","link":"https:\/\/alberguecruceirodepedrouzo.com\/pt-pt\/termos-e-condicoes\/","title":{"rendered":"Termos e condi\u00e7\u00f5es"},"content":{"rendered":"<p>[et_pb_section fb_built=&#8221;1&#8243; _builder_version=&#8221;4.27.4&#8243; _module_preset=&#8221;default&#8221; global_colors_info=&#8221;{}&#8221;][et_pb_row _builder_version=&#8221;4.27.4&#8243; _module_preset=&#8221;default&#8221; global_colors_info=&#8221;{}&#8221;][et_pb_column type=&#8221;4_4&#8243; _builder_version=&#8221;4.27.4&#8243; _module_preset=&#8221;default&#8221; global_colors_info=&#8221;{}&#8221;][et_pb_text _builder_version=&#8221;4.27.4&#8243; _module_preset=&#8221;default&#8221; global_colors_info=&#8221;{}&#8221;]<\/p>\n<p>Termos e condi\u00e7\u00f5es<br \/>www.alberguecruceirodepedrouzo.com<br \/>A pousada reserva-se o direito de admiss\u00e3o.<\/p>\n<p>CANCELAMENTO DE RESERVA<br \/>Pode cancelar gratuitamente at\u00e9 15 dias antes da data de chegada. Caso contr\u00e1rio, a reserva ser\u00e1 totalmente paga pelo hostel.<\/p>\n<p>O HOSTEL RESERVA-SE O DIREITO DE CANCELAR A RESERVA DEVIDO A FOR\u00c7A MAIOR. Neste caso, o Albergue Cruceiro de Pedrouzo disponibilizar\u00e1 um alojamento alternativo para estas reservas.<\/p>\n<p>[\/et_pb_text][\/et_pb_column][\/et_pb_row][\/et_pb_section]<\/p>\n","protected":false},"excerpt":{"rendered":"<p>Termos e condi\u00e7\u00f5eswww.alberguecruceirodepedrouzo.comA pousada reserva-se o direito de admiss\u00e3o. CANCELAMENTO DE RESERVAPode cancelar gratuitamente at\u00e9 15 dias antes da data de chegada. Caso contr\u00e1rio, a reserva ser\u00e1 totalmente paga pelo hostel. O HOSTEL RESERVA-SE O DIREITO DE CANCELAR A RESERVA DEVIDO A FOR\u00c7A MAIOR. Neste caso, o Albergue Cruceiro de Pedrouzo disponibilizar\u00e1 um alojamento alternativo [&hellip;]<\/p>\n","protected":false},"author":1,"featured_media":3979,"parent":0,"menu_order":0,"comment_status":"closed","ping_status":"closed","template":"","meta":{"_et_pb_use_builder":"on","_et_pb_old_content":"","_et_gb_content_width":"","footnotes":""},"class_list":["post-5461","page","type-page","status-publish","has-post-thumbnail","hentry"],"yoast_head":"<!-- This site is optimized with the Yoast SEO plugin v27.1.1 - https:\/\/yoast.com\/product\/yoast-seo-wordpress\/ -->\n<title>Termos e condi\u00e7\u00f5es - Albergue Cruceiro de Pedrouzo<\/title>\n<meta name=\"description\" content=\"Consulte os Termos e Condi\u00e7\u00f5es do Albergue Cruceiro de Pedrouzo e informe-se sobre as regras de utiliza\u00e7\u00e3o e as condi\u00e7\u00f5es do servi\u00e7o.\" \/>\n<meta name=\"robots\" content=\"index, follow, max-snippet:-1, max-image-preview:large, max-video-preview:-1\" \/>\n<link rel=\"canonical\" href=\"https:\/\/alberguecruceirodepedrouzo.com\/pt-pt\/termos-e-condicoes\/\" \/>\n<meta property=\"og:locale\" content=\"pt_PT\" \/>\n<meta property=\"og:type\" content=\"article\" \/>\n<meta property=\"og:title\" content=\"Termos e condi\u00e7\u00f5es - Albergue Cruceiro de Pedrouzo\" \/>\n<meta property=\"og:description\" content=\"Consulte os Termos e Condi\u00e7\u00f5es do Albergue Cruceiro de Pedrouzo e informe-se sobre as regras de utiliza\u00e7\u00e3o e as condi\u00e7\u00f5es do servi\u00e7o.\" \/>\n<meta property=\"og:url\" content=\"https:\/\/alberguecruceirodepedrouzo.com\/pt-pt\/termos-e-condicoes\/\" \/>\n<meta property=\"og:site_name\" content=\"Albergue Cruceiro de Pedrouzo\" \/>\n<meta property=\"article:modified_time\" content=\"2025-11-21T06:11:50+00:00\" \/>\n<meta property=\"og:image\" content=\"https:\/\/alberguecruceirodepedrouzo.com\/wp-content\/uploads\/2025\/04\/4021144.jpg\" \/>\n\t<meta property=\"og:image:width\" content=\"1111\" \/>\n\t<meta property=\"og:image:height\" content=\"833\" \/>\n\t<meta property=\"og:image:type\" content=\"image\/jpeg\" \/>\n<meta name=\"twitter:card\" content=\"summary_large_image\" \/>\n<meta name=\"twitter:label1\" content=\"Tempo estimado de leitura\" \/>\n\t<meta name=\"twitter:data1\" content=\"1 minuto\" \/>\n<script type=\"application\/ld+json\" class=\"yoast-schema-graph\">{\"@context\":\"https:\/\/schema.org\",\"@graph\":[{\"@type\":\"WebPage\",\"@id\":\"https:\/\/alberguecruceirodepedrouzo.com\/pt-pt\/termos-e-condicoes\/\",\"url\":\"https:\/\/alberguecruceirodepedrouzo.com\/pt-pt\/termos-e-condicoes\/\",\"name\":\"Termos e condi\u00e7\u00f5es - Albergue Cruceiro de Pedrouzo\",\"isPartOf\":{\"@id\":\"https:\/\/alberguecruceirodepedrouzo.com\/#website\"},\"primaryImageOfPage\":{\"@id\":\"https:\/\/alberguecruceirodepedrouzo.com\/pt-pt\/termos-e-condicoes\/#primaryimage\"},\"image\":{\"@id\":\"https:\/\/alberguecruceirodepedrouzo.com\/pt-pt\/termos-e-condicoes\/#primaryimage\"},\"thumbnailUrl\":\"https:\/\/alberguecruceirodepedrouzo.com\/wp-content\/uploads\/2025\/04\/4021144.jpg\",\"datePublished\":\"2025-03-13T12:58:16+00:00\",\"dateModified\":\"2025-11-21T06:11:50+00:00\",\"description\":\"Consulte os Termos e Condi\u00e7\u00f5es do Albergue Cruceiro de Pedrouzo e informe-se sobre as regras de utiliza\u00e7\u00e3o e as condi\u00e7\u00f5es do servi\u00e7o.\",\"breadcrumb\":{\"@id\":\"https:\/\/alberguecruceirodepedrouzo.com\/pt-pt\/termos-e-condicoes\/#breadcrumb\"},\"inLanguage\":\"pt-PT\",\"potentialAction\":[{\"@type\":\"ReadAction\",\"target\":[\"https:\/\/alberguecruceirodepedrouzo.com\/pt-pt\/termos-e-condicoes\/\"]}]},{\"@type\":\"ImageObject\",\"inLanguage\":\"pt-PT\",\"@id\":\"https:\/\/alberguecruceirodepedrouzo.com\/pt-pt\/termos-e-condicoes\/#primaryimage\",\"url\":\"https:\/\/alberguecruceirodepedrouzo.com\/wp-content\/uploads\/2025\/04\/4021144.jpg\",\"contentUrl\":\"https:\/\/alberguecruceirodepedrouzo.com\/wp-content\/uploads\/2025\/04\/4021144.jpg\",\"width\":1111,\"height\":833},{\"@type\":\"BreadcrumbList\",\"@id\":\"https:\/\/alberguecruceirodepedrouzo.com\/pt-pt\/termos-e-condicoes\/#breadcrumb\",\"itemListElement\":[{\"@type\":\"ListItem\",\"position\":1,\"name\":\"Portada\",\"item\":\"https:\/\/alberguecruceirodepedrouzo.com\/pt-pt\/cruceiro-de-pedrouzo-hostel\/\"},{\"@type\":\"ListItem\",\"position\":2,\"name\":\"Termos e condi\u00e7\u00f5es\"}]},{\"@type\":\"WebSite\",\"@id\":\"https:\/\/alberguecruceirodepedrouzo.com\/#website\",\"url\":\"https:\/\/alberguecruceirodepedrouzo.com\/\",\"name\":\"Albergue Cruceiro de Pedrouzo\",\"description\":\"Just another WordPress site\",\"potentialAction\":[{\"@type\":\"SearchAction\",\"target\":{\"@type\":\"EntryPoint\",\"urlTemplate\":\"https:\/\/alberguecruceirodepedrouzo.com\/?s={search_term_string}\"},\"query-input\":{\"@type\":\"PropertyValueSpecification\",\"valueRequired\":true,\"valueName\":\"search_term_string\"}}],\"inLanguage\":\"pt-PT\"}]}<\/script>\n<!-- \/ Yoast SEO plugin. -->","yoast_head_json":{"title":"Termos e condi\u00e7\u00f5es - Albergue Cruceiro de Pedrouzo","description":"Consulte os Termos e Condi\u00e7\u00f5es do Albergue Cruceiro de Pedrouzo e informe-se sobre as regras de utiliza\u00e7\u00e3o e as condi\u00e7\u00f5es do servi\u00e7o.","robots":{"index":"index","follow":"follow","max-snippet":"max-snippet:-1","max-image-preview":"max-image-preview:large","max-video-preview":"max-video-preview:-1"},"canonical":"https:\/\/alberguecruceirodepedrouzo.com\/pt-pt\/termos-e-condicoes\/","og_locale":"pt_PT","og_type":"article","og_title":"Termos e condi\u00e7\u00f5es - Albergue Cruceiro de Pedrouzo","og_description":"Consulte os Termos e Condi\u00e7\u00f5es do Albergue Cruceiro de Pedrouzo e informe-se sobre as regras de utiliza\u00e7\u00e3o e as condi\u00e7\u00f5es do servi\u00e7o.","og_url":"https:\/\/alberguecruceirodepedrouzo.com\/pt-pt\/termos-e-condicoes\/","og_site_name":"Albergue Cruceiro de Pedrouzo","article_modified_time":"2025-11-21T06:11:50+00:00","og_image":[{"width":1111,"height":833,"url":"https:\/\/alberguecruceirodepedrouzo.com\/wp-content\/uploads\/2025\/04\/4021144.jpg","type":"image\/jpeg"}],"twitter_card":"summary_large_image","twitter_misc":{"Tempo estimado de leitura":"1 minuto"},"schema":{"@context":"https:\/\/schema.org","@graph":[{"@type":"WebPage","@id":"https:\/\/alberguecruceirodepedrouzo.com\/pt-pt\/termos-e-condicoes\/","url":"https:\/\/alberguecruceirodepedrouzo.com\/pt-pt\/termos-e-condicoes\/","name":"Termos e condi\u00e7\u00f5es - Albergue Cruceiro de Pedrouzo","isPartOf":{"@id":"https:\/\/alberguecruceirodepedrouzo.com\/#website"},"primaryImageOfPage":{"@id":"https:\/\/alberguecruceirodepedrouzo.com\/pt-pt\/termos-e-condicoes\/#primaryimage"},"image":{"@id":"https:\/\/alberguecruceirodepedrouzo.com\/pt-pt\/termos-e-condicoes\/#primaryimage"},"thumbnailUrl":"https:\/\/alberguecruceirodepedrouzo.com\/wp-content\/uploads\/2025\/04\/4021144.jpg","datePublished":"2025-03-13T12:58:16+00:00","dateModified":"2025-11-21T06:11:50+00:00","description":"Consulte os Termos e Condi\u00e7\u00f5es do Albergue Cruceiro de Pedrouzo e informe-se sobre as regras de utiliza\u00e7\u00e3o e as condi\u00e7\u00f5es do servi\u00e7o.","breadcrumb":{"@id":"https:\/\/alberguecruceirodepedrouzo.com\/pt-pt\/termos-e-condicoes\/#breadcrumb"},"inLanguage":"pt-PT","potentialAction":[{"@type":"ReadAction","target":["https:\/\/alberguecruceirodepedrouzo.com\/pt-pt\/termos-e-condicoes\/"]}]},{"@type":"ImageObject","inLanguage":"pt-PT","@id":"https:\/\/alberguecruceirodepedrouzo.com\/pt-pt\/termos-e-condicoes\/#primaryimage","url":"https:\/\/alberguecruceirodepedrouzo.com\/wp-content\/uploads\/2025\/04\/4021144.jpg","contentUrl":"https:\/\/alberguecruceirodepedrouzo.com\/wp-content\/uploads\/2025\/04\/4021144.jpg","width":1111,"height":833},{"@type":"BreadcrumbList","@id":"https:\/\/alberguecruceirodepedrouzo.com\/pt-pt\/termos-e-condicoes\/#breadcrumb","itemListElement":[{"@type":"ListItem","position":1,"name":"Portada","item":"https:\/\/alberguecruceirodepedrouzo.com\/pt-pt\/cruceiro-de-pedrouzo-hostel\/"},{"@type":"ListItem","position":2,"name":"Termos e condi\u00e7\u00f5es"}]},{"@type":"WebSite","@id":"https:\/\/alberguecruceirodepedrouzo.com\/#website","url":"https:\/\/alberguecruceirodepedrouzo.com\/","name":"Albergue Cruceiro de Pedrouzo","description":"Just another WordPress site","potentialAction":[{"@type":"SearchAction","target":{"@type":"EntryPoint","urlTemplate":"https:\/\/alberguecruceirodepedrouzo.com\/?s={search_term_string}"},"query-input":{"@type":"PropertyValueSpecification","valueRequired":true,"valueName":"search_term_string"}}],"inLanguage":"pt-PT"}]}},"_links":{"self":[{"href":"https:\/\/alberguecruceirodepedrouzo.com\/pt-pt\/wp-json\/wp\/v2\/pages\/5461","targetHints":{"allow":["GET"]}}],"collection":[{"href":"https:\/\/alberguecruceirodepedrouzo.com\/pt-pt\/wp-json\/wp\/v2\/pages"}],"about":[{"href":"https:\/\/alberguecruceirodepedrouzo.com\/pt-pt\/wp-json\/wp\/v2\/types\/page"}],"author":[{"embeddable":true,"href":"https:\/\/alberguecruceirodepedrouzo.com\/pt-pt\/wp-json\/wp\/v2\/users\/1"}],"replies":[{"embeddable":true,"href":"https:\/\/alberguecruceirodepedrouzo.com\/pt-pt\/wp-json\/wp\/v2\/comments?post=5461"}],"version-history":[{"count":1,"href":"https:\/\/alberguecruceirodepedrouzo.com\/pt-pt\/wp-json\/wp\/v2\/pages\/5461\/revisions"}],"predecessor-version":[{"id":5969,"href":"https:\/\/alberguecruceirodepedrouzo.com\/pt-pt\/wp-json\/wp\/v2\/pages\/5461\/revisions\/5969"}],"wp:featuredmedia":[{"embeddable":true,"href":"https:\/\/alberguecruceirodepedrouzo.com\/pt-pt\/wp-json\/wp\/v2\/media\/3979"}],"wp:attachment":[{"href":"https:\/\/alberguecruceirodepedrouzo.com\/pt-pt\/wp-json\/wp\/v2\/media?parent=5461"}],"curies":[{"name":"wp","href":"https:\/\/api.w.org\/{rel}","templated":true}]}}